{"id":2358,"date":"2021-03-17T11:00:08","date_gmt":"2021-03-17T10:00:08","guid":{"rendered":"https:\/\/www.cruisesail.it\/avvicinamento-alla-vela\/"},"modified":"2025-03-07T19:05:25","modified_gmt":"2025-03-07T18:05:25","slug":"segelkurs-annaeherung-auf-sardinien","status":"publish","type":"page","link":"https:\/\/www.cruisesail.it\/de\/segelkurs-annaeherung-auf-sardinien\/","title":{"rendered":"Segelkurs Ann\u00e4herung auf Sardinien"},"content":{"rendered":"\t\t<div data-elementor-type=\"wp-page\" data-elementor-id=\"2358\" class=\"elementor elementor-2358 elementor-1311\" data-elementor-post-type=\"page\">\n\t\t\t\t<div class=\"elementor-element elementor-element-4b49476 e-flex e-con-boxed e-con e-parent\" data-id=\"4b49476\" data-element_type=\"container\" data-e-type=\"container\" data-settings=\"{&quot;background_background&quot;:&quot;classic&quot;}\">\n\t\t\t\t\t<div class=\"e-con-inner\">\n\t\t<div class=\"elementor-element elementor-element-fb0ec5b e-con-full e-flex e-con e-child\" data-id=\"fb0ec5b\" data-element_type=\"container\" data-e-type=\"container\">\n\t\t\t\t<div class=\"elementor-element elementor-element-38618cc elementor-widget elementor-widget-gallery\" data-id=\"38618cc\" data-element_type=\"widget\" data-e-type=\"widget\" data-settings=\"{&quot;gallery_layout&quot;:&quot;masonry&quot;,&quot;columns&quot;:2,&quot;lazyload&quot;:&quot;yes&quot;,&quot;columns_tablet&quot;:2,&quot;columns_mobile&quot;:1,&quot;gap&quot;:{&quot;unit&quot;:&quot;px&quot;,&quot;size&quot;:10,&quot;sizes&quot;:[]},&quot;gap_tablet&quot;:{&quot;unit&quot;:&quot;px&quot;,&quot;size&quot;:10,&quot;sizes&quot;:[]},&quot;gap_mobile&quot;:{&quot;unit&quot;:&quot;px&quot;,&quot;size&quot;:10,&quot;sizes&quot;:[]},&quot;link_to&quot;:&quot;file&quot;,&quot;overlay_background&quot;:&quot;yes&quot;,&quot;content_hover_animation&quot;:&quot;fade-in&quot;}\" data-widget_type=\"gallery.default\">\n\t\t\t\t\t\t\t<div class=\"elementor-gallery__container\">\n\t\t\t\t\t\t\t<a class=\"e-gallery-item elementor-gallery-item elementor-animated-content\" href=\"https:\/\/www.cruisesail.it\/wp-content\/uploads\/2025\/02\/cosrso-vela-5.jpg\" data-elementor-open-lightbox=\"yes\" data-elementor-lightbox-slideshow=\"38618cc\" data-elementor-lightbox-title=\"cosrso-vela-5\" data-e-action-hash=\"#elementor-action%3Aaction%3Dlightbox%26settings%3DeyJpZCI6MzA0MiwidXJsIjoiaHR0cHM6XC9cL3d3dy5jcnVpc2VzYWlsLml0XC93cC1jb250ZW50XC91cGxvYWRzXC8yMDI1XC8wMlwvY29zcnNvLXZlbGEtNS5qcGciLCJzbGlkZXNob3ciOiIzODYxOGNjIn0%3D\">\n\t\t\t\t\t<div class=\"e-gallery-image elementor-gallery-item__image\" data-thumbnail=\"https:\/\/www.cruisesail.it\/wp-content\/uploads\/2025\/02\/cosrso-vela-5.jpg\" data-width=\"800\" data-height=\"600\" aria-label=\"\" role=\"img\" ><\/div>\n\t\t\t\t\t\t\t\t\t\t\t<div class=\"elementor-gallery-item__overlay\"><\/div>\n\t\t\t\t\t\t\t\t\t\t\t\t\t\t<\/a>\n\t\t\t\t\t\t\t<a class=\"e-gallery-item elementor-gallery-item elementor-animated-content\" href=\"https:\/\/www.cruisesail.it\/wp-content\/uploads\/2025\/02\/cosrso-vela-3.jpg\" data-elementor-open-lightbox=\"yes\" data-elementor-lightbox-slideshow=\"38618cc\" data-elementor-lightbox-title=\"cosrso-vela-3\" data-e-action-hash=\"#elementor-action%3Aaction%3Dlightbox%26settings%3DeyJpZCI6MzA0OCwidXJsIjoiaHR0cHM6XC9cL3d3dy5jcnVpc2VzYWlsLml0XC93cC1jb250ZW50XC91cGxvYWRzXC8yMDI1XC8wMlwvY29zcnNvLXZlbGEtMy5qcGciLCJzbGlkZXNob3ciOiIzODYxOGNjIn0%3D\">\n\t\t\t\t\t<div class=\"e-gallery-image elementor-gallery-item__image\" data-thumbnail=\"https:\/\/www.cruisesail.it\/wp-content\/uploads\/2025\/02\/cosrso-vela-3.jpg\" data-width=\"768\" data-height=\"1024\" aria-label=\"\" role=\"img\" ><\/div>\n\t\t\t\t\t\t\t\t\t\t\t<div class=\"elementor-gallery-item__overlay\"><\/div>\n\t\t\t\t\t\t\t\t\t\t\t\t\t\t<\/a>\n\t\t\t\t\t\t\t<a class=\"e-gallery-item elementor-gallery-item elementor-animated-content\" href=\"https:\/\/www.cruisesail.it\/wp-content\/uploads\/2025\/02\/cosrso-vela-6.jpg\" data-elementor-open-lightbox=\"yes\" data-elementor-lightbox-slideshow=\"38618cc\" data-elementor-lightbox-title=\"cosrso-vela-6\" data-e-action-hash=\"#elementor-action%3Aaction%3Dlightbox%26settings%3DeyJpZCI6MzA2MCwidXJsIjoiaHR0cHM6XC9cL3d3dy5jcnVpc2VzYWlsLml0XC93cC1jb250ZW50XC91cGxvYWRzXC8yMDI1XC8wMlwvY29zcnNvLXZlbGEtNi5qcGciLCJzbGlkZXNob3ciOiIzODYxOGNjIn0%3D\">\n\t\t\t\t\t<div class=\"e-gallery-image elementor-gallery-item__image\" data-thumbnail=\"https:\/\/www.cruisesail.it\/wp-content\/uploads\/2025\/02\/cosrso-vela-6.jpg\" data-width=\"768\" data-height=\"1024\" aria-label=\"\" role=\"img\" ><\/div>\n\t\t\t\t\t\t\t\t\t\t\t<div class=\"elementor-gallery-item__overlay\"><\/div>\n\t\t\t\t\t\t\t\t\t\t\t\t\t\t<\/a>\n\t\t\t\t\t\t\t<a class=\"e-gallery-item elementor-gallery-item elementor-animated-content\" href=\"https:\/\/www.cruisesail.it\/wp-content\/uploads\/2025\/02\/cosrso-vela-4.jpg\" data-elementor-open-lightbox=\"yes\" data-elementor-lightbox-slideshow=\"38618cc\" data-elementor-lightbox-title=\"cosrso-vela-4\" data-e-action-hash=\"#elementor-action%3Aaction%3Dlightbox%26settings%3DeyJpZCI6MzA0NSwidXJsIjoiaHR0cHM6XC9cL3d3dy5jcnVpc2VzYWlsLml0XC93cC1jb250ZW50XC91cGxvYWRzXC8yMDI1XC8wMlwvY29zcnNvLXZlbGEtNC5qcGciLCJzbGlkZXNob3ciOiIzODYxOGNjIn0%3D\">\n\t\t\t\t\t<div class=\"e-gallery-image elementor-gallery-item__image\" data-thumbnail=\"https:\/\/www.cruisesail.it\/wp-content\/uploads\/2025\/02\/cosrso-vela-4.jpg\" data-width=\"800\" data-height=\"600\" aria-label=\"\" role=\"img\" ><\/div>\n\t\t\t\t\t\t\t\t\t\t\t<div class=\"elementor-gallery-item__overlay\"><\/div>\n\t\t\t\t\t\t\t\t\t\t\t\t\t\t<\/a>\n\t\t\t\t\t\t\t<a class=\"e-gallery-item elementor-gallery-item elementor-animated-content\" href=\"https:\/\/www.cruisesail.it\/wp-content\/uploads\/2025\/02\/cosrso-vela-2.jpg\" data-elementor-open-lightbox=\"yes\" data-elementor-lightbox-slideshow=\"38618cc\" data-elementor-lightbox-title=\"cosrso-vela-2\" data-e-action-hash=\"#elementor-action%3Aaction%3Dlightbox%26settings%3DeyJpZCI6MzA1MSwidXJsIjoiaHR0cHM6XC9cL3d3dy5jcnVpc2VzYWlsLml0XC93cC1jb250ZW50XC91cGxvYWRzXC8yMDI1XC8wMlwvY29zcnNvLXZlbGEtMi5qcGciLCJzbGlkZXNob3ciOiIzODYxOGNjIn0%3D\">\n\t\t\t\t\t<div class=\"e-gallery-image elementor-gallery-item__image\" data-thumbnail=\"https:\/\/www.cruisesail.it\/wp-content\/uploads\/2025\/02\/cosrso-vela-2.jpg\" data-width=\"768\" data-height=\"1024\" aria-label=\"\" role=\"img\" ><\/div>\n\t\t\t\t\t\t\t\t\t\t\t<div class=\"elementor-gallery-item__overlay\"><\/div>\n\t\t\t\t\t\t\t\t\t\t\t\t\t\t<\/a>\n\t\t\t\t\t\t\t<a class=\"e-gallery-item elementor-gallery-item elementor-animated-content\" href=\"https:\/\/www.cruisesail.it\/wp-content\/uploads\/2025\/02\/cosrso-vela-1.jpg\" data-elementor-open-lightbox=\"yes\" data-elementor-lightbox-slideshow=\"38618cc\" data-elementor-lightbox-title=\"cosrso-vela-1\" data-e-action-hash=\"#elementor-action%3Aaction%3Dlightbox%26settings%3DeyJpZCI6MzA1NCwidXJsIjoiaHR0cHM6XC9cL3d3dy5jcnVpc2VzYWlsLml0XC93cC1jb250ZW50XC91cGxvYWRzXC8yMDI1XC8wMlwvY29zcnNvLXZlbGEtMS5qcGciLCJzbGlkZXNob3ciOiIzODYxOGNjIn0%3D\">\n\t\t\t\t\t<div class=\"e-gallery-image elementor-gallery-item__image\" data-thumbnail=\"https:\/\/www.cruisesail.it\/wp-content\/uploads\/2025\/02\/cosrso-vela-1.jpg\" data-width=\"768\" data-height=\"1024\" aria-label=\"\" role=\"img\" ><\/div>\n\t\t\t\t\t\t\t\t\t\t\t<div class=\"elementor-gallery-item__overlay\"><\/div>\n\t\t\t\t\t\t\t\t\t\t\t\t\t\t<\/a>\n\t\t\t\t\t<\/div>\n\t\t\t\t\t<\/div>\n\t\t\t\t<\/div>\n\t\t<div class=\"elementor-element elementor-element-b3b43a3 e-con-full e-flex e-con e-child\" data-id=\"b3b43a3\" data-element_type=\"container\" data-e-type=\"container\">\n\t\t\t\t<div class=\"elementor-element elementor-element-4efaeb5 elementor-widget elementor-widget-text-editor\" data-id=\"4efaeb5\" data-element_type=\"widget\" data-e-type=\"widget\" data-widget_type=\"text-editor.default\">\n\t\t\t\t\t\t\t\t\tSegeln lernen mit unserem Grundkurs \t\t\t\t\t\t\t\t<\/div>\n\t\t\t\t<div class=\"elementor-element elementor-element-f7f1232 elementor-widget elementor-widget-text-editor\" data-id=\"f7f1232\" data-element_type=\"widget\" data-e-type=\"widget\" data-widget_type=\"text-editor.default\">\n\t\t\t\t\t\t\t\t\tSEGEL-SCHNUPPERKURS IN ALGHERO\t\t\t\t\t\t\t\t<\/div>\n\t\t\t\t<div class=\"elementor-element elementor-element-a3c5177 elementor-widget elementor-widget-spacer\" data-id=\"a3c5177\" data-element_type=\"widget\" data-e-type=\"widget\" data-widget_type=\"spacer.default\">\n\t\t\t\t\t\t\t<div class=\"elementor-spacer\">\n\t\t\t<div class=\"elementor-spacer-inner\"><\/div>\n\t\t<\/div>\n\t\t\t\t\t\t<\/div>\n\t\t\t\t<div class=\"elementor-element elementor-element-875effc elementor-widget elementor-widget-text-editor\" data-id=\"875effc\" data-element_type=\"widget\" data-e-type=\"widget\" data-widget_type=\"text-editor.default\">\n\t\t\t\t\t\t\t\t\t<p>M\u00f6chten Sie Segeln lernen, wissen aber nicht wie? Unser Segelkurs findet in Alghero auf Sardinien statt. Hier haben Sie die M\u00f6glichkeit, die Grundlagen des Segelns auf einfache und unterhaltsame Weise zu entdecken. Unser Segel-Schnupperkurs ist perfekt f\u00fcr alle, die zum ersten Mal in die Welt des Segelns eintauchen. Es sind keine besonderen Voraussetzungen erforderlich, nur die Lust, auf dem Meer zu sein und die nat\u00fcrlichen Elemente wie Wasser, Wind und Salz kennenzulernen sowie neue Erfahrungen mit neuen Leuten zu teilen.<\/p><p>Der Kurs findet an Bord eines 10-Meter-Segelbootes statt, wo wir Theorie und Praxis mit Ausfl\u00fcgen auf See kombinieren. Die Kurse k\u00f6nnen gemeinsam oder individuell belegt werden. W\u00e4hrend des Kurses werden die grundlegenden Themen des Segelns behandelt, darunter:<\/p><ul><li><strong>Sicherheit an Bord und auf See:<\/strong> Grundlegend, um die Sicherheit der Kursteilnehmer zu gew\u00e4hrleisten und Unf\u00e4lle zu vermeiden, einschlie\u00dflich des Umgangs mit Notf\u00e4llen.<\/li><li><strong>Grundlegende seem\u00e4nnische Terminologie:<\/strong> Die Kenntnis der grundlegenden Begriffe ist wichtig, um effektiv mit der gesamten Crew an Bord zu kommunizieren.<\/li><li><strong>Segeltheorie:<\/strong> Das Verst\u00e4ndnis der Grundprinzipien des Segelns und der Winddynamik ist entscheidend f\u00fcr die Navigation.<\/li><li><strong>Takeln und Enttakeln des Bootes:<\/strong> Lernen, wie man das Boot f\u00fcr die Navigation vorbereitet.<\/li><li><strong>Laufendes und stehendes Gut eines Bootes:<\/strong> Die Kenntnis der grundlegenden Man\u00f6ver ist unerl\u00e4sslich, um das Boot kennenzulernen.<\/li><li><strong>Segeltrimm:<\/strong> Unerl\u00e4sslich, um sich an unterschiedliche Windbedingungen anzupassen und die Navigation zu verbessern.<\/li><li><strong>Navigation nach Sicht:<\/strong> Grundlegend, um sich ohne den Einsatz von Instrumenten zu orientieren und zu lernen, die Landschaft und das Meer zu lesen.<\/li><li><strong>Grundlagen der angewandten Meteorologie f\u00fcr das Segeln:<\/strong> Die Kenntnis der Wettervorhersagen und die Interpretation der atmosph\u00e4rischen Bedingungen f\u00fcr eine sichere Navigation.<\/li><li><strong>Kenntnis und Verwendung von Seemannsknoten:<\/strong> Seemannsknoten sind grundlegend f\u00fcr den Umgang mit dem Segelboot, da sie es erm\u00f6glichen, Leinen sicher und effektiv zu befestigen, zu verbinden und zu justieren.<\/li><li><strong>Mann-\u00fcber-Bord-Man\u00f6ver:<\/strong> Besteht aus einer Reihe von schnellen und pr\u00e4zisen Aktionen, um sich der ins Wasser gefallenen Person zu n\u00e4hern und sie sicher an Bord zu bringen.<\/li><li><strong>Regeln zur Verh\u00fctung von Zusammenst\u00f6\u00dfen auf See:<\/strong> Die Regeln zur Vermeidung von Kollisionen sind entscheidend f\u00fcr die Sicherheit auf See.<\/li><\/ul><p>\u00a0<\/p><p>Wenn Sie weitere Einzelheiten erfahren m\u00f6chten, kontaktieren Sie uns, das Meer erwartet Sie!<\/p>\t\t\t\t\t\t\t\t<\/div>\n\t\t\t\t<\/div>\n\t\t\t\t\t<\/div>\n\t\t\t\t<\/div>\n\t\t\t\t<\/div>\n\t\t","protected":false},"excerpt":{"rendered":"<p>Segeln lernen mit unserem Grundkurs SEGEL-SCHNUPPERKURS IN ALGHERO M\u00f6chten Sie Segeln lernen, wissen aber nicht wie? Unser Segelkurs findet in Alghero auf Sardinien statt. Hier haben Sie die M\u00f6glichkeit, die Grundlagen des Segelns auf einfache und unterhaltsame Weise zu entdecken. Unser Segel-Schnupperkurs ist perfekt f\u00fcr alle, die zum ersten Mal in die Welt des Segelns [&hellip;]<\/p>\n","protected":false},"author":2,"featured_media":0,"parent":0,"menu_order":0,"comment_status":"closed","ping_status":"closed","template":"elementor_header_footer","meta":{"footnotes":""},"class_list":["post-2358","page","type-page","status-publish","hentry"],"_links":{"self":[{"href":"https:\/\/www.cruisesail.it\/de\/wp-json\/wp\/v2\/pages\/2358","targetHints":{"allow":["GET"]}}],"collection":[{"href":"https:\/\/www.cruisesail.it\/de\/wp-json\/wp\/v2\/pages"}],"about":[{"href":"https:\/\/www.cruisesail.it\/de\/wp-json\/wp\/v2\/types\/page"}],"author":[{"embeddable":true,"href":"https:\/\/www.cruisesail.it\/de\/wp-json\/wp\/v2\/users\/2"}],"replies":[{"embeddable":true,"href":"https:\/\/www.cruisesail.it\/de\/wp-json\/wp\/v2\/comments?post=2358"}],"version-history":[{"count":7,"href":"https:\/\/www.cruisesail.it\/de\/wp-json\/wp\/v2\/pages\/2358\/revisions"}],"predecessor-version":[{"id":3765,"href":"https:\/\/www.cruisesail.it\/de\/wp-json\/wp\/v2\/pages\/2358\/revisions\/3765"}],"wp:attachment":[{"href":"https:\/\/www.cruisesail.it\/de\/wp-json\/wp\/v2\/media?parent=2358"}],"curies":[{"name":"wp","href":"https:\/\/api.w.org\/{rel}","templated":true}]}}