{"id":2354,"date":"2021-03-17T10:59:06","date_gmt":"2021-03-17T09:59:06","guid":{"rendered":"https:\/\/www.cruisesail.it\/addio-al-nubilato-celibato\/"},"modified":"2025-03-07T19:03:13","modified_gmt":"2025-03-07T18:03:13","slug":"junggesellinnenabschied-auf-einem-segelboot","status":"publish","type":"page","link":"https:\/\/www.cruisesail.it\/de\/junggesellinnenabschied-auf-einem-segelboot\/","title":{"rendered":"Junggesellinnenabschied auf einem Segelboot"},"content":{"rendered":"\t\t<div data-elementor-type=\"wp-page\" data-elementor-id=\"2354\" class=\"elementor elementor-2354 elementor-1307\" data-elementor-post-type=\"page\">\n\t\t\t\t<div class=\"elementor-element elementor-element-9952e1e e-flex e-con-boxed e-con e-parent\" data-id=\"9952e1e\" data-element_type=\"container\" data-e-type=\"container\" data-settings=\"{&quot;background_background&quot;:&quot;classic&quot;}\">\n\t\t\t\t\t<div class=\"e-con-inner\">\n\t\t<div class=\"elementor-element elementor-element-28a1245 e-con-full e-flex e-con e-child\" data-id=\"28a1245\" data-element_type=\"container\" data-e-type=\"container\">\n\t\t\t\t<div class=\"elementor-element elementor-element-a6a75e2 elementor-widget elementor-widget-gallery\" data-id=\"a6a75e2\" data-element_type=\"widget\" data-e-type=\"widget\" data-settings=\"{&quot;gallery_layout&quot;:&quot;masonry&quot;,&quot;columns&quot;:2,&quot;lazyload&quot;:&quot;yes&quot;,&quot;columns_tablet&quot;:2,&quot;columns_mobile&quot;:1,&quot;gap&quot;:{&quot;unit&quot;:&quot;px&quot;,&quot;size&quot;:10,&quot;sizes&quot;:[]},&quot;gap_tablet&quot;:{&quot;unit&quot;:&quot;px&quot;,&quot;size&quot;:10,&quot;sizes&quot;:[]},&quot;gap_mobile&quot;:{&quot;unit&quot;:&quot;px&quot;,&quot;size&quot;:10,&quot;sizes&quot;:[]},&quot;link_to&quot;:&quot;file&quot;,&quot;overlay_background&quot;:&quot;yes&quot;,&quot;content_hover_animation&quot;:&quot;fade-in&quot;}\" data-widget_type=\"gallery.default\">\n\t\t\t\t\t\t\t<div class=\"elementor-gallery__container\">\n\t\t\t\t\t\t\t<a class=\"e-gallery-item elementor-gallery-item elementor-animated-content\" href=\"https:\/\/www.cruisesail.it\/wp-content\/uploads\/2025\/02\/addio-2.jpg\" data-elementor-open-lightbox=\"yes\" data-elementor-lightbox-slideshow=\"a6a75e2\" data-elementor-lightbox-title=\"addio-2\" data-e-action-hash=\"#elementor-action%3Aaction%3Dlightbox%26settings%3DeyJpZCI6Mjk5MiwidXJsIjoiaHR0cHM6XC9cL3d3dy5jcnVpc2VzYWlsLml0XC93cC1jb250ZW50XC91cGxvYWRzXC8yMDI1XC8wMlwvYWRkaW8tMi5qcGciLCJzbGlkZXNob3ciOiJhNmE3NWUyIn0%3D\">\n\t\t\t\t\t<div class=\"e-gallery-image elementor-gallery-item__image\" data-thumbnail=\"https:\/\/www.cruisesail.it\/wp-content\/uploads\/2025\/02\/addio-2.jpg\" data-width=\"768\" data-height=\"1024\" aria-label=\"\" role=\"img\" ><\/div>\n\t\t\t\t\t\t\t\t\t\t\t<div class=\"elementor-gallery-item__overlay\"><\/div>\n\t\t\t\t\t\t\t\t\t\t\t\t\t\t<\/a>\n\t\t\t\t\t\t\t<a class=\"e-gallery-item elementor-gallery-item elementor-animated-content\" href=\"https:\/\/www.cruisesail.it\/wp-content\/uploads\/2025\/02\/addio-1.jpg\" data-elementor-open-lightbox=\"yes\" data-elementor-lightbox-slideshow=\"a6a75e2\" data-elementor-lightbox-title=\"addio-1\" data-e-action-hash=\"#elementor-action%3Aaction%3Dlightbox%26settings%3DeyJpZCI6Mjk4OSwidXJsIjoiaHR0cHM6XC9cL3d3dy5jcnVpc2VzYWlsLml0XC93cC1jb250ZW50XC91cGxvYWRzXC8yMDI1XC8wMlwvYWRkaW8tMS5qcGciLCJzbGlkZXNob3ciOiJhNmE3NWUyIn0%3D\">\n\t\t\t\t\t<div class=\"e-gallery-image elementor-gallery-item__image\" data-thumbnail=\"https:\/\/www.cruisesail.it\/wp-content\/uploads\/2025\/02\/addio-1.jpg\" data-width=\"800\" data-height=\"600\" aria-label=\"\" role=\"img\" ><\/div>\n\t\t\t\t\t\t\t\t\t\t\t<div class=\"elementor-gallery-item__overlay\"><\/div>\n\t\t\t\t\t\t\t\t\t\t\t\t\t\t<\/a>\n\t\t\t\t\t\t\t<a class=\"e-gallery-item elementor-gallery-item elementor-animated-content\" href=\"https:\/\/www.cruisesail.it\/wp-content\/uploads\/2025\/02\/addio-3.jpg\" data-elementor-open-lightbox=\"yes\" data-elementor-lightbox-slideshow=\"a6a75e2\" data-elementor-lightbox-title=\"addio-3\" data-e-action-hash=\"#elementor-action%3Aaction%3Dlightbox%26settings%3DeyJpZCI6Mjk5NSwidXJsIjoiaHR0cHM6XC9cL3d3dy5jcnVpc2VzYWlsLml0XC93cC1jb250ZW50XC91cGxvYWRzXC8yMDI1XC8wMlwvYWRkaW8tMy5qcGciLCJzbGlkZXNob3ciOiJhNmE3NWUyIn0%3D\">\n\t\t\t\t\t<div class=\"e-gallery-image elementor-gallery-item__image\" data-thumbnail=\"https:\/\/www.cruisesail.it\/wp-content\/uploads\/2025\/02\/addio-3.jpg\" data-width=\"800\" data-height=\"600\" aria-label=\"\" role=\"img\" ><\/div>\n\t\t\t\t\t\t\t\t\t\t\t<div class=\"elementor-gallery-item__overlay\"><\/div>\n\t\t\t\t\t\t\t\t\t\t\t\t\t\t<\/a>\n\t\t\t\t\t\t\t<a class=\"e-gallery-item elementor-gallery-item elementor-animated-content\" href=\"https:\/\/www.cruisesail.it\/wp-content\/uploads\/2025\/02\/addio-4.jpg\" data-elementor-open-lightbox=\"yes\" data-elementor-lightbox-slideshow=\"a6a75e2\" data-elementor-lightbox-title=\"addio-4\" data-e-action-hash=\"#elementor-action%3Aaction%3Dlightbox%26settings%3DeyJpZCI6Mjk5OCwidXJsIjoiaHR0cHM6XC9cL3d3dy5jcnVpc2VzYWlsLml0XC93cC1jb250ZW50XC91cGxvYWRzXC8yMDI1XC8wMlwvYWRkaW8tNC5qcGciLCJzbGlkZXNob3ciOiJhNmE3NWUyIn0%3D\">\n\t\t\t\t\t<div class=\"e-gallery-image elementor-gallery-item__image\" data-thumbnail=\"https:\/\/www.cruisesail.it\/wp-content\/uploads\/2025\/02\/addio-4.jpg\" data-width=\"800\" data-height=\"600\" aria-label=\"\" role=\"img\" ><\/div>\n\t\t\t\t\t\t\t\t\t\t\t<div class=\"elementor-gallery-item__overlay\"><\/div>\n\t\t\t\t\t\t\t\t\t\t\t\t\t\t<\/a>\n\t\t\t\t\t\t\t<a class=\"e-gallery-item elementor-gallery-item elementor-animated-content\" href=\"https:\/\/www.cruisesail.it\/wp-content\/uploads\/2025\/02\/addio-6.jpg\" data-elementor-open-lightbox=\"yes\" data-elementor-lightbox-slideshow=\"a6a75e2\" data-elementor-lightbox-title=\"addio-6\" data-e-action-hash=\"#elementor-action%3Aaction%3Dlightbox%26settings%3DeyJpZCI6MzAwNCwidXJsIjoiaHR0cHM6XC9cL3d3dy5jcnVpc2VzYWlsLml0XC93cC1jb250ZW50XC91cGxvYWRzXC8yMDI1XC8wMlwvYWRkaW8tNi5qcGciLCJzbGlkZXNob3ciOiJhNmE3NWUyIn0%3D\">\n\t\t\t\t\t<div class=\"e-gallery-image elementor-gallery-item__image\" data-thumbnail=\"https:\/\/www.cruisesail.it\/wp-content\/uploads\/2025\/02\/addio-6.jpg\" data-width=\"768\" data-height=\"1024\" aria-label=\"\" role=\"img\" ><\/div>\n\t\t\t\t\t\t\t\t\t\t\t<div class=\"elementor-gallery-item__overlay\"><\/div>\n\t\t\t\t\t\t\t\t\t\t\t\t\t\t<\/a>\n\t\t\t\t\t\t\t<a class=\"e-gallery-item elementor-gallery-item elementor-animated-content\" href=\"https:\/\/www.cruisesail.it\/wp-content\/uploads\/2025\/02\/addio-5.jpg\" data-elementor-open-lightbox=\"yes\" data-elementor-lightbox-slideshow=\"a6a75e2\" data-elementor-lightbox-title=\"addio-5\" data-e-action-hash=\"#elementor-action%3Aaction%3Dlightbox%26settings%3DeyJpZCI6MzAwMSwidXJsIjoiaHR0cHM6XC9cL3d3dy5jcnVpc2VzYWlsLml0XC93cC1jb250ZW50XC91cGxvYWRzXC8yMDI1XC8wMlwvYWRkaW8tNS5qcGciLCJzbGlkZXNob3ciOiJhNmE3NWUyIn0%3D\">\n\t\t\t\t\t<div class=\"e-gallery-image elementor-gallery-item__image\" data-thumbnail=\"https:\/\/www.cruisesail.it\/wp-content\/uploads\/2025\/02\/addio-5.jpg\" data-width=\"800\" data-height=\"600\" aria-label=\"\" role=\"img\" ><\/div>\n\t\t\t\t\t\t\t\t\t\t\t<div class=\"elementor-gallery-item__overlay\"><\/div>\n\t\t\t\t\t\t\t\t\t\t\t\t\t\t<\/a>\n\t\t\t\t\t<\/div>\n\t\t\t\t\t<\/div>\n\t\t\t\t<\/div>\n\t\t<div class=\"elementor-element elementor-element-a26f825 e-con-full e-flex e-con e-child\" data-id=\"a26f825\" data-element_type=\"container\" data-e-type=\"container\">\n\t\t\t\t<div class=\"elementor-element elementor-element-5adddcb elementor-widget elementor-widget-text-editor\" data-id=\"5adddcb\" data-element_type=\"widget\" data-e-type=\"widget\" data-widget_type=\"text-editor.default\">\n\t\t\t\t\t\t\t\t\tFeiern Sie Ihr besonderes Ereignis auf einem Segelboot in Alghero\t\t\t\t\t\t\t\t<\/div>\n\t\t\t\t<div class=\"elementor-element elementor-element-7efe888 elementor-widget elementor-widget-text-editor\" data-id=\"7efe888\" data-element_type=\"widget\" data-e-type=\"widget\" data-widget_type=\"text-editor.default\">\n\t\t\t\t\t\t\t\t\tLUXUS-JUNGGESELLENABSCHIED IN ALGHERO: EXKLUSIVE SEGELBOOTPARTY MIT PRIVATTOUREN UND UNVERGESSLICHEN SONNENUNTERG\u00c4NGEN\t\t\t\t\t\t\t\t<\/div>\n\t\t\t\t<div class=\"elementor-element elementor-element-7c4ccdd elementor-widget elementor-widget-spacer\" data-id=\"7c4ccdd\" data-element_type=\"widget\" data-e-type=\"widget\" data-widget_type=\"spacer.default\">\n\t\t\t\t\t\t\t<div class=\"elementor-spacer\">\n\t\t\t<div class=\"elementor-spacer-inner\"><\/div>\n\t\t<\/div>\n\t\t\t\t\t\t<\/div>\n\t\t\t\t<div class=\"elementor-element elementor-element-2da14e12 elementor-widget elementor-widget-text-editor\" data-id=\"2da14e12\" data-element_type=\"widget\" data-e-type=\"widget\" data-widget_type=\"text-editor.default\">\n\t\t\t\t\t\t\t\t\t<p><strong>Abfahrtsort:<\/strong> Abfahrt vom Yachthafen von Alghero, Visconti-Kai Steg Nr. 5, beim Consorzio del Porto di Alghero. Der Einstiegspunkt ist vom historischen Zentrum aus leicht zu Fu\u00df erreichbar, Parkpl\u00e4tze sind in der N\u00e4he vorhanden. <br \/><a href=\"https:\/\/maps.app.goo.gl\/rLFKaJhTUkjKGJTi8\">Google Maps<\/a><\/p><p><strong>Preis f\u00fcr exklusive Segelbootnutzung:<\/strong> Kontaktieren Sie uns, um die Kosten und Verf\u00fcgbarkeit zu erfahren und das beste Angebot per Telefon oder E-Mail f\u00fcr ein einzigartiges und exklusives Segelboot-Erlebnis in Alghero zu erhalten.<\/p><p>Ein Junggesellenabschied auf einem Segelboot in Alghero ist das perfekte Erlebnis, um mit Freunden in einer exklusiven und intimen Atmosph\u00e4re zu feiern. Segeln Sie entlang der wundersch\u00f6nen K\u00fcste von Alghero an Bord eines Segelboots und genie\u00dfen Sie die Sch\u00f6nheit der Meereslandschaft und die atemberaubenden Panoramen. W\u00e4hrend der Fahrt machen wir Halt in versteckten Buchten, wo Sie im kristallklaren Wasser schwimmen, sich sonnen und in Gesellschaft von Freunden entspannen k\u00f6nnen. An Bord k\u00f6nnen Sie k\u00f6stliche Speisen genie\u00dfen, begleitet von lokalem Wein, um auf den besonderen Anlass anzusto\u00dfen. Die ausgew\u00e4hlte Musik schafft die richtige Atmosph\u00e4re zum Tanzen oder Entspannen und verbindet perfekt Abenteuer, Spa\u00df und Entspannung.<\/p><p>Ein Junggesellenabschied auf einem Segelboot in Alghero ist eine originelle Art, die letzte &#8222;Single-Party&#8220; des Br\u00e4utigams\/der Braut zu feiern und Erinnerungen zu schaffen, die f\u00fcr immer anhalten.<\/p><p><strong>Verf\u00fcgbare Optionen, um das Erlebnis noch spezieller zu gestalten:<\/strong><\/p><ul><li><strong>Ganzt\u00e4gige Segelboot-Tour:<\/strong> Genie\u00dfen Sie das Meerespanorama, \u00fcben Sie Aktivit\u00e4ten wie Schwimmen, Springen und Entspannen in der Sonne.<\/li><li><strong>Segelboot-Aperitif bei Sonnenuntergang:<\/strong> Bewundern Sie ein atemberaubendes Schauspiel mit spektakul\u00e4ren Farben und Lichtern, w\u00e4hrend die Sonne am Horizont untergeht.<\/li><li><strong>Aperitif-Dinner unter den Sternen auf dem Segelboot:<\/strong> Eine perfekte Mischung aus Spa\u00df, guter Gesellschaft, Speisen, Getr\u00e4nken und Tanzen unter den Sternen.<\/li><\/ul><p>\u00a0<\/p><p>W\u00e4hlen Sie die Option, die Ihnen am besten gef\u00e4llt, und bereiten Sie sich darauf vor, ein unvergessliches Erlebnis zu erleben und Erinnerungen zu schaffen, die in den Herzen aller Teilnehmer bleiben werden.<\/p>\t\t\t\t\t\t\t\t<\/div>\n\t\t\t\t<\/div>\n\t\t\t\t\t<\/div>\n\t\t\t\t<\/div>\n\t\t\t\t<\/div>\n\t\t","protected":false},"excerpt":{"rendered":"<p>Feiern Sie Ihr besonderes Ereignis auf einem Segelboot in AlgheroLUXUS-JUNGGESELLENABSCHIED IN ALGHERO: EXKLUSIVE SEGELBOOTPARTY MIT PRIVATTOUREN UND UNVERGESSLICHEN SONNENUNTERG\u00c4NGEN Abfahrtsort: Abfahrt vom Yachthafen von Alghero, Visconti-Kai Steg Nr. 5, beim Consorzio del Porto di Alghero. Der Einstiegspunkt ist vom historischen Zentrum aus leicht zu Fu\u00df erreichbar, Parkpl\u00e4tze sind in der N\u00e4he vorhanden. Google Maps Preis [&hellip;]<\/p>\n","protected":false},"author":2,"featured_media":0,"parent":0,"menu_order":0,"comment_status":"closed","ping_status":"closed","template":"elementor_header_footer","meta":{"footnotes":""},"class_list":["post-2354","page","type-page","status-publish","hentry"],"_links":{"self":[{"href":"https:\/\/www.cruisesail.it\/de\/wp-json\/wp\/v2\/pages\/2354","targetHints":{"allow":["GET"]}}],"collection":[{"href":"https:\/\/www.cruisesail.it\/de\/wp-json\/wp\/v2\/pages"}],"about":[{"href":"https:\/\/www.cruisesail.it\/de\/wp-json\/wp\/v2\/types\/page"}],"author":[{"embeddable":true,"href":"https:\/\/www.cruisesail.it\/de\/wp-json\/wp\/v2\/users\/2"}],"replies":[{"embeddable":true,"href":"https:\/\/www.cruisesail.it\/de\/wp-json\/wp\/v2\/comments?post=2354"}],"version-history":[{"count":8,"href":"https:\/\/www.cruisesail.it\/de\/wp-json\/wp\/v2\/pages\/2354\/revisions"}],"predecessor-version":[{"id":3760,"href":"https:\/\/www.cruisesail.it\/de\/wp-json\/wp\/v2\/pages\/2354\/revisions\/3760"}],"wp:attachment":[{"href":"https:\/\/www.cruisesail.it\/de\/wp-json\/wp\/v2\/media?parent=2354"}],"curies":[{"name":"wp","href":"https:\/\/api.w.org\/{rel}","templated":true}]}}