{"id":2351,"date":"2021-03-17T10:58:28","date_gmt":"2021-03-17T09:58:28","guid":{"rendered":"https:\/\/www.cruisesail.it\/exclusive-privato-barca-vela-alghero\/"},"modified":"2023-03-18T18:21:57","modified_gmt":"2023-03-18T17:21:57","slug":"uper-exklusive-private-tour-auf-segelboot-in-alghero","status":"publish","type":"page","link":"https:\/\/www.cruisesail.it\/de\/uper-exklusive-private-tour-auf-segelboot-in-alghero\/","title":{"rendered":"uper Exklusive Private Tour auf Segelboot in Alghero"},"content":{"rendered":"<p><strong>Super Exklusive Private Tour auf Segelboot in Alghero, Sardinien<\/strong><br \/>\n<strong>Startort:<\/strong> Alghero<br \/>\n<strong>Preis f\u00fcr das Boot:<\/strong> f\u00fcr 2 Personen \u20ac 1.300,00, f\u00fcr jede weitere Person erh\u00f6ht sich der Preis um 45 \u20ac.<br \/>\n<strong>Inklusive:<\/strong> Essen, Snacks, Getr\u00e4nke, Wein, Sekt, Skipper\/Chef.<br \/>\n<strong>Abfahrt:<\/strong> 10:00 Uhr<br \/>\n<strong>R\u00fcckkehr:<\/strong> 20:30 Uhr<br \/>\n<strong>Dauer der Tour:<\/strong> 10 Stunden und 30 Minuten.<br \/>\nF\u00fcr Extras und weitere Informationen kontaktieren Sie uns unter 3483163588 oder auf unserer Kontaktseite.<\/p>\n<p>Diese Tour ist f\u00fcr Menschen konzipiert, die eine Super-Exklusive Privatyacht w\u00fcnschen, um das Meer vom Morgen bis zum Sonnenuntergang ohne Kompromisse zu erleben &#8211; eine einzigartige und unvergessliche Erfahrung, die es Ihnen erm\u00f6glicht, zu segeln, sich in der Natur zu tauchen und die Elemente zu genie\u00dfen, die Sie umgeben. Ein erfahrener Skipper begleitet Sie den ganzen Tag, um Ihnen die besten Orte zu empfehlen und Sie in ein unvergessliches Abenteuer zu f\u00fchren. W\u00e4hrend Sie segeln, k\u00f6nnen Sie die Sonne, das Meer genie\u00dfen, sich entspannen und gutes Essen und lokalen Wein genie\u00dfen. Sie k\u00f6nnen auch schnorcheln und die Fische bewundern, die um Sie herumschwimmen. Die hohen Klippen von Capo Caccia umgeben Sie und Sie entdecken die umgebenden D\u00fcfte. Wir werden in ruhigen Buchten mit kristallklarem Wasser anhalten und leckeres lokales Essen an Bord f\u00fcr Sie kochen, begleitet von gutem Wein der Region. Genie\u00dfen Sie die Sch\u00f6nheit der Natur und leben Sie den Moment ohne an etwas zu denken &#8211; die Zeit an Bord wird nur durch die Sonnenuntergangslinien bestimmt, die am Ende des Tages zur endg\u00fcltigen Destination ein unglaubliches Schauspiel bieten. Genie\u00dfen Sie das letzte Glas Wein und lassen Sie alle Sorgen hinter sich. Dieser Super Exklusive Segelausflug ist die perfekte Gelegenheit, um ein unvergessliches Abenteuer auf dem Meer zu erleben, umgeben von Frieden und Ruhe, die das Meer Ihnen und Ihrer Gruppe bietet.<\/p>\n<p>&nbsp;<\/p>\n<div id='gallery-1' class='gallery galleryid-2351 gallery-columns-5 gallery-size-thumbnail'><figure class='gallery-item'>\n\t\t\t<div class='gallery-icon landscape'>\n\t\t\t\t<a href='https:\/\/www.cruisesail.it\/de\/img_20220901_184253\/'><img decoding=\"async\" width=\"150\" height=\"150\" src=\"https:\/\/www.cruisesail.it\/wp-content\/uploads\/2023\/01\/IMG_20220901_184253-150x150.jpg\" class=\"attachment-thumbnail size-thumbnail\" alt=\"\" srcset=\"https:\/\/www.cruisesail.it\/wp-content\/uploads\/2023\/01\/IMG_20220901_184253-150x150.jpg 150w, https:\/\/www.cruisesail.it\/wp-content\/uploads\/2023\/01\/IMG_20220901_184253-300x300.jpg 300w, https:\/\/www.cruisesail.it\/wp-content\/uploads\/2023\/01\/IMG_20220901_184253-1024x1024.jpg 1024w, https:\/\/www.cruisesail.it\/wp-content\/uploads\/2023\/01\/IMG_20220901_184253-1536x1536.jpg 1536w, https:\/\/www.cruisesail.it\/wp-content\/uploads\/2023\/01\/IMG_20220901_184253-2048x2048.jpg 2048w\" sizes=\"(max-width: 150px) 100vw, 150px\" \/><\/a>\n\t\t\t<\/div><\/figure><figure class='gallery-item'>\n\t\t\t<div class='gallery-icon landscape'>\n\t\t\t\t<a href='https:\/\/www.cruisesail.it\/de\/img_20220829_203651\/'><img decoding=\"async\" width=\"150\" height=\"150\" src=\"https:\/\/www.cruisesail.it\/wp-content\/uploads\/2023\/01\/IMG_20220829_203651-150x150.jpg\" class=\"attachment-thumbnail size-thumbnail\" alt=\"\" srcset=\"https:\/\/www.cruisesail.it\/wp-content\/uploads\/2023\/01\/IMG_20220829_203651-150x150.jpg 150w, https:\/\/www.cruisesail.it\/wp-content\/uploads\/2023\/01\/IMG_20220829_203651-300x300.jpg 300w, https:\/\/www.cruisesail.it\/wp-content\/uploads\/2023\/01\/IMG_20220829_203651-1024x1024.jpg 1024w, https:\/\/www.cruisesail.it\/wp-content\/uploads\/2023\/01\/IMG_20220829_203651-1536x1536.jpg 1536w, https:\/\/www.cruisesail.it\/wp-content\/uploads\/2023\/01\/IMG_20220829_203651-2048x2048.jpg 2048w\" sizes=\"(max-width: 150px) 100vw, 150px\" \/><\/a>\n\t\t\t<\/div><\/figure><figure class='gallery-item'>\n\t\t\t<div class='gallery-icon landscape'>\n\t\t\t\t<a href='https:\/\/www.cruisesail.it\/de\/img_20220829_110807-2\/'><img decoding=\"async\" width=\"150\" height=\"150\" src=\"https:\/\/www.cruisesail.it\/wp-content\/uploads\/2023\/01\/IMG_20220829_110807-150x150.jpg\" class=\"attachment-thumbnail size-thumbnail\" alt=\"\" srcset=\"https:\/\/www.cruisesail.it\/wp-content\/uploads\/2023\/01\/IMG_20220829_110807-150x150.jpg 150w, https:\/\/www.cruisesail.it\/wp-content\/uploads\/2023\/01\/IMG_20220829_110807-300x300.jpg 300w, https:\/\/www.cruisesail.it\/wp-content\/uploads\/2023\/01\/IMG_20220829_110807-1024x1024.jpg 1024w, https:\/\/www.cruisesail.it\/wp-content\/uploads\/2023\/01\/IMG_20220829_110807-1536x1536.jpg 1536w, https:\/\/www.cruisesail.it\/wp-content\/uploads\/2023\/01\/IMG_20220829_110807-2048x2048.jpg 2048w\" sizes=\"(max-width: 150px) 100vw, 150px\" \/><\/a>\n\t\t\t<\/div><\/figure><figure class='gallery-item'>\n\t\t\t<div class='gallery-icon landscape'>\n\t\t\t\t<a href='https:\/\/www.cruisesail.it\/de\/img_20220521_192822-2\/'><img loading=\"lazy\" decoding=\"async\" width=\"150\" height=\"150\" src=\"https:\/\/www.cruisesail.it\/wp-content\/uploads\/2023\/01\/IMG_20220521_192822-150x150.jpg\" class=\"attachment-thumbnail size-thumbnail\" alt=\"\" srcset=\"https:\/\/www.cruisesail.it\/wp-content\/uploads\/2023\/01\/IMG_20220521_192822-150x150.jpg 150w, https:\/\/www.cruisesail.it\/wp-content\/uploads\/2023\/01\/IMG_20220521_192822-300x300.jpg 300w, https:\/\/www.cruisesail.it\/wp-content\/uploads\/2023\/01\/IMG_20220521_192822-1024x1024.jpg 1024w, https:\/\/www.cruisesail.it\/wp-content\/uploads\/2023\/01\/IMG_20220521_192822-1536x1536.jpg 1536w, https:\/\/www.cruisesail.it\/wp-content\/uploads\/2023\/01\/IMG_20220521_192822-2048x2048.jpg 2048w\" sizes=\"(max-width: 150px) 100vw, 150px\" \/><\/a>\n\t\t\t<\/div><\/figure><figure class='gallery-item'>\n\t\t\t<div class='gallery-icon landscape'>\n\t\t\t\t<a href='https:\/\/www.cruisesail.it\/de\/dav-2-2\/'><img loading=\"lazy\" decoding=\"async\" width=\"150\" height=\"150\" src=\"https:\/\/www.cruisesail.it\/wp-content\/uploads\/2023\/01\/IMG_20180512_124346-150x150.jpg\" class=\"attachment-thumbnail size-thumbnail\" alt=\"\" srcset=\"https:\/\/www.cruisesail.it\/wp-content\/uploads\/2023\/01\/IMG_20180512_124346-150x150.jpg 150w, https:\/\/www.cruisesail.it\/wp-content\/uploads\/2023\/01\/IMG_20180512_124346-300x300.jpg 300w, https:\/\/www.cruisesail.it\/wp-content\/uploads\/2023\/01\/IMG_20180512_124346-1024x1024.jpg 1024w, https:\/\/www.cruisesail.it\/wp-content\/uploads\/2023\/01\/IMG_20180512_124346-1536x1536.jpg 1536w, https:\/\/www.cruisesail.it\/wp-content\/uploads\/2023\/01\/IMG_20180512_124346-2048x2048.jpg 2048w\" sizes=\"(max-width: 150px) 100vw, 150px\" \/><\/a>\n\t\t\t<\/div><\/figure>\n\t\t<\/div>\n\n","protected":false},"excerpt":{"rendered":"<p>Super Exklusive Private Tour auf Segelboot in Alghero, Sardinien Startort: Alghero Preis f\u00fcr das Boot: f\u00fcr 2 Personen \u20ac 1.300,00, f\u00fcr jede weitere Person erh\u00f6ht sich der Preis um 45 \u20ac. Inklusive: Essen, Snacks, Getr\u00e4nke, Wein, Sekt, Skipper\/Chef. Abfahrt: 10:00 Uhr R\u00fcckkehr: 20:30 Uhr Dauer der Tour: 10 Stunden und 30 Minuten. F\u00fcr Extras und [&hellip;]<\/p>\n","protected":false},"author":2,"featured_media":0,"parent":0,"menu_order":0,"comment_status":"closed","ping_status":"closed","template":"","meta":{"footnotes":""},"class_list":["post-2351","page","type-page","status-publish","hentry"],"_links":{"self":[{"href":"https:\/\/www.cruisesail.it\/de\/wp-json\/wp\/v2\/pages\/2351","targetHints":{"allow":["GET"]}}],"collection":[{"href":"https:\/\/www.cruisesail.it\/de\/wp-json\/wp\/v2\/pages"}],"about":[{"href":"https:\/\/www.cruisesail.it\/de\/wp-json\/wp\/v2\/types\/page"}],"author":[{"embeddable":true,"href":"https:\/\/www.cruisesail.it\/de\/wp-json\/wp\/v2\/users\/2"}],"replies":[{"embeddable":true,"href":"https:\/\/www.cruisesail.it\/de\/wp-json\/wp\/v2\/comments?post=2351"}],"version-history":[{"count":4,"href":"https:\/\/www.cruisesail.it\/de\/wp-json\/wp\/v2\/pages\/2351\/revisions"}],"predecessor-version":[{"id":2391,"href":"https:\/\/www.cruisesail.it\/de\/wp-json\/wp\/v2\/pages\/2351\/revisions\/2391"}],"wp:attachment":[{"href":"https:\/\/www.cruisesail.it\/de\/wp-json\/wp\/v2\/media?parent=2351"}],"curies":[{"name":"wp","href":"https:\/\/api.w.org\/{rel}","templated":true}]}}