{"id":2342,"date":"2022-02-22T18:57:49","date_gmt":"2022-02-22T17:57:49","guid":{"rendered":"https:\/\/www.cruisesail.it\/mezza-giornata-in-barca-a-vela\/"},"modified":"2025-03-07T18:55:04","modified_gmt":"2025-03-07T17:55:04","slug":"halbtaegiger-segelausflug-in-alghero","status":"publish","type":"page","link":"https:\/\/www.cruisesail.it\/de\/halbtaegiger-segelausflug-in-alghero\/","title":{"rendered":"Halbt\u00e4giger Segelausflug in Alghero"},"content":{"rendered":"\t\t<div data-elementor-type=\"wp-page\" data-elementor-id=\"2342\" class=\"elementor elementor-2342 elementor-1592\" data-elementor-post-type=\"page\">\n\t\t\t\t<div class=\"elementor-element elementor-element-eaf564b e-flex e-con-boxed e-con e-parent\" data-id=\"eaf564b\" data-element_type=\"container\" data-e-type=\"container\" data-settings=\"{&quot;background_background&quot;:&quot;classic&quot;}\">\n\t\t\t\t\t<div class=\"e-con-inner\">\n\t\t<div class=\"elementor-element elementor-element-53d4896 e-con-full e-flex e-con e-child\" data-id=\"53d4896\" data-element_type=\"container\" data-e-type=\"container\">\n\t\t\t\t<div class=\"elementor-element elementor-element-e72798b elementor-widget elementor-widget-gallery\" data-id=\"e72798b\" data-element_type=\"widget\" data-e-type=\"widget\" data-settings=\"{&quot;gallery_layout&quot;:&quot;masonry&quot;,&quot;columns&quot;:2,&quot;lazyload&quot;:&quot;yes&quot;,&quot;columns_tablet&quot;:2,&quot;columns_mobile&quot;:1,&quot;gap&quot;:{&quot;unit&quot;:&quot;px&quot;,&quot;size&quot;:10,&quot;sizes&quot;:[]},&quot;gap_tablet&quot;:{&quot;unit&quot;:&quot;px&quot;,&quot;size&quot;:10,&quot;sizes&quot;:[]},&quot;gap_mobile&quot;:{&quot;unit&quot;:&quot;px&quot;,&quot;size&quot;:10,&quot;sizes&quot;:[]},&quot;link_to&quot;:&quot;file&quot;,&quot;overlay_background&quot;:&quot;yes&quot;,&quot;content_hover_animation&quot;:&quot;fade-in&quot;}\" data-widget_type=\"gallery.default\">\n\t\t\t\t\t\t\t<div class=\"elementor-gallery__container\">\n\t\t\t\t\t\t\t<a class=\"e-gallery-item elementor-gallery-item elementor-animated-content\" href=\"https:\/\/www.cruisesail.it\/wp-content\/uploads\/2025\/02\/mezza-giornata-1.jpg\" data-elementor-open-lightbox=\"yes\" data-elementor-lightbox-slideshow=\"e72798b\" data-elementor-lightbox-title=\"mezza-giornata-1\" data-e-action-hash=\"#elementor-action%3Aaction%3Dlightbox%26settings%3DeyJpZCI6MjkwMCwidXJsIjoiaHR0cHM6XC9cL3d3dy5jcnVpc2VzYWlsLml0XC93cC1jb250ZW50XC91cGxvYWRzXC8yMDI1XC8wMlwvbWV6emEtZ2lvcm5hdGEtMS5qcGciLCJzbGlkZXNob3ciOiJlNzI3OThiIn0%3D\">\n\t\t\t\t\t<div class=\"e-gallery-image elementor-gallery-item__image\" data-thumbnail=\"https:\/\/www.cruisesail.it\/wp-content\/uploads\/2025\/02\/mezza-giornata-1.jpg\" data-width=\"768\" data-height=\"1024\" aria-label=\"\" role=\"img\" ><\/div>\n\t\t\t\t\t\t\t\t\t\t\t<div class=\"elementor-gallery-item__overlay\"><\/div>\n\t\t\t\t\t\t\t\t\t\t\t\t\t\t<\/a>\n\t\t\t\t\t\t\t<a class=\"e-gallery-item elementor-gallery-item elementor-animated-content\" href=\"https:\/\/www.cruisesail.it\/wp-content\/uploads\/2025\/02\/mezza-giornata-6.jpg\" data-elementor-open-lightbox=\"yes\" data-elementor-lightbox-slideshow=\"e72798b\" data-elementor-lightbox-title=\"mezza-giornata-6\" data-e-action-hash=\"#elementor-action%3Aaction%3Dlightbox%26settings%3DeyJpZCI6MjkxNSwidXJsIjoiaHR0cHM6XC9cL3d3dy5jcnVpc2VzYWlsLml0XC93cC1jb250ZW50XC91cGxvYWRzXC8yMDI1XC8wMlwvbWV6emEtZ2lvcm5hdGEtNi5qcGciLCJzbGlkZXNob3ciOiJlNzI3OThiIn0%3D\">\n\t\t\t\t\t<div class=\"e-gallery-image elementor-gallery-item__image\" data-thumbnail=\"https:\/\/www.cruisesail.it\/wp-content\/uploads\/2025\/02\/mezza-giornata-6.jpg\" data-width=\"800\" data-height=\"600\" aria-label=\"\" role=\"img\" ><\/div>\n\t\t\t\t\t\t\t\t\t\t\t<div class=\"elementor-gallery-item__overlay\"><\/div>\n\t\t\t\t\t\t\t\t\t\t\t\t\t\t<\/a>\n\t\t\t\t\t\t\t<a class=\"e-gallery-item elementor-gallery-item elementor-animated-content\" href=\"https:\/\/www.cruisesail.it\/wp-content\/uploads\/2025\/02\/mezza-giornata-2.jpg\" data-elementor-open-lightbox=\"yes\" data-elementor-lightbox-slideshow=\"e72798b\" data-elementor-lightbox-title=\"mezza-giornata-2\" data-e-action-hash=\"#elementor-action%3Aaction%3Dlightbox%26settings%3DeyJpZCI6MjkwMywidXJsIjoiaHR0cHM6XC9cL3d3dy5jcnVpc2VzYWlsLml0XC93cC1jb250ZW50XC91cGxvYWRzXC8yMDI1XC8wMlwvbWV6emEtZ2lvcm5hdGEtMi5qcGciLCJzbGlkZXNob3ciOiJlNzI3OThiIn0%3D\">\n\t\t\t\t\t<div class=\"e-gallery-image elementor-gallery-item__image\" data-thumbnail=\"https:\/\/www.cruisesail.it\/wp-content\/uploads\/2025\/02\/mezza-giornata-2.jpg\" data-width=\"768\" data-height=\"1024\" aria-label=\"\" role=\"img\" ><\/div>\n\t\t\t\t\t\t\t\t\t\t\t<div class=\"elementor-gallery-item__overlay\"><\/div>\n\t\t\t\t\t\t\t\t\t\t\t\t\t\t<\/a>\n\t\t\t\t\t\t\t<a class=\"e-gallery-item elementor-gallery-item elementor-animated-content\" href=\"https:\/\/www.cruisesail.it\/wp-content\/uploads\/2025\/02\/mezza-giornata-3.jpg\" data-elementor-open-lightbox=\"yes\" data-elementor-lightbox-slideshow=\"e72798b\" data-elementor-lightbox-title=\"mezza-giornata-3\" data-e-action-hash=\"#elementor-action%3Aaction%3Dlightbox%26settings%3DeyJpZCI6MjkwNiwidXJsIjoiaHR0cHM6XC9cL3d3dy5jcnVpc2VzYWlsLml0XC93cC1jb250ZW50XC91cGxvYWRzXC8yMDI1XC8wMlwvbWV6emEtZ2lvcm5hdGEtMy5qcGciLCJzbGlkZXNob3ciOiJlNzI3OThiIn0%3D\">\n\t\t\t\t\t<div class=\"e-gallery-image elementor-gallery-item__image\" data-thumbnail=\"https:\/\/www.cruisesail.it\/wp-content\/uploads\/2025\/02\/mezza-giornata-3.jpg\" data-width=\"768\" data-height=\"1024\" aria-label=\"\" role=\"img\" ><\/div>\n\t\t\t\t\t\t\t\t\t\t\t<div class=\"elementor-gallery-item__overlay\"><\/div>\n\t\t\t\t\t\t\t\t\t\t\t\t\t\t<\/a>\n\t\t\t\t\t\t\t<a class=\"e-gallery-item elementor-gallery-item elementor-animated-content\" href=\"https:\/\/www.cruisesail.it\/wp-content\/uploads\/2025\/02\/mezza-giornata-4.jpg\" data-elementor-open-lightbox=\"yes\" data-elementor-lightbox-slideshow=\"e72798b\" data-elementor-lightbox-title=\"mezza-giornata-4\" data-e-action-hash=\"#elementor-action%3Aaction%3Dlightbox%26settings%3DeyJpZCI6MjkwOSwidXJsIjoiaHR0cHM6XC9cL3d3dy5jcnVpc2VzYWlsLml0XC93cC1jb250ZW50XC91cGxvYWRzXC8yMDI1XC8wMlwvbWV6emEtZ2lvcm5hdGEtNC5qcGciLCJzbGlkZXNob3ciOiJlNzI3OThiIn0%3D\">\n\t\t\t\t\t<div class=\"e-gallery-image elementor-gallery-item__image\" data-thumbnail=\"https:\/\/www.cruisesail.it\/wp-content\/uploads\/2025\/02\/mezza-giornata-4.jpg\" data-width=\"768\" data-height=\"1024\" aria-label=\"\" role=\"img\" ><\/div>\n\t\t\t\t\t\t\t\t\t\t\t<div class=\"elementor-gallery-item__overlay\"><\/div>\n\t\t\t\t\t\t\t\t\t\t\t\t\t\t<\/a>\n\t\t\t\t\t\t\t<a class=\"e-gallery-item elementor-gallery-item elementor-animated-content\" href=\"https:\/\/www.cruisesail.it\/wp-content\/uploads\/2025\/02\/mezza-giornata-5.jpg\" data-elementor-open-lightbox=\"yes\" data-elementor-lightbox-slideshow=\"e72798b\" data-elementor-lightbox-title=\"mezza-giornata-5\" data-e-action-hash=\"#elementor-action%3Aaction%3Dlightbox%26settings%3DeyJpZCI6MjkxMiwidXJsIjoiaHR0cHM6XC9cL3d3dy5jcnVpc2VzYWlsLml0XC93cC1jb250ZW50XC91cGxvYWRzXC8yMDI1XC8wMlwvbWV6emEtZ2lvcm5hdGEtNS5qcGciLCJzbGlkZXNob3ciOiJlNzI3OThiIn0%3D\">\n\t\t\t\t\t<div class=\"e-gallery-image elementor-gallery-item__image\" data-thumbnail=\"https:\/\/www.cruisesail.it\/wp-content\/uploads\/2025\/02\/mezza-giornata-5.jpg\" data-width=\"800\" data-height=\"600\" aria-label=\"\" role=\"img\" ><\/div>\n\t\t\t\t\t\t\t\t\t\t\t<div class=\"elementor-gallery-item__overlay\"><\/div>\n\t\t\t\t\t\t\t\t\t\t\t\t\t\t<\/a>\n\t\t\t\t\t<\/div>\n\t\t\t\t\t<\/div>\n\t\t\t\t<\/div>\n\t\t<div class=\"elementor-element elementor-element-3457970 e-con-full e-flex e-con e-child\" data-id=\"3457970\" data-element_type=\"container\" data-e-type=\"container\">\n\t\t\t\t<div class=\"elementor-element elementor-element-15a5e38 elementor-widget elementor-widget-text-editor\" data-id=\"15a5e38\" data-element_type=\"widget\" data-e-type=\"widget\" data-widget_type=\"text-editor.default\">\n\t\t\t\t\t\t\t\t\tIhre Tour entlang der K\u00fcste der Bucht von Alghero\t\t\t\t\t\t\t\t<\/div>\n\t\t\t\t<div class=\"elementor-element elementor-element-c89651b elementor-widget elementor-widget-text-editor\" data-id=\"c89651b\" data-element_type=\"widget\" data-e-type=\"widget\" data-widget_type=\"text-editor.default\">\n\t\t\t\t\t\t\t\t\tHALBT\u00c4GIGER SEGELT\u00d6RN\t\t\t\t\t\t\t\t<\/div>\n\t\t\t\t<div class=\"elementor-element elementor-element-c86a52c elementor-widget elementor-widget-spacer\" data-id=\"c86a52c\" data-element_type=\"widget\" data-e-type=\"widget\" data-widget_type=\"spacer.default\">\n\t\t\t\t\t\t\t<div class=\"elementor-spacer\">\n\t\t\t<div class=\"elementor-spacer-inner\"><\/div>\n\t\t<\/div>\n\t\t\t\t\t\t<\/div>\n\t\t\t\t<div class=\"elementor-element elementor-element-29385cb elementor-widget elementor-widget-text-editor\" data-id=\"29385cb\" data-element_type=\"widget\" data-e-type=\"widget\" data-widget_type=\"text-editor.default\">\n\t\t\t\t\t\t\t\t\t<p><strong>Abfahrtsort:<\/strong> Abfahrt vom Yachthafen von Alghero, Visconti-Kai Steg Nr. 5, beim Consorzio del Porto di Alghero. Der Einstiegspunkt ist vom historischen Zentrum aus leicht zu Fu\u00df erreichbar, Parkpl\u00e4tze sind in der N\u00e4he vorhanden. <br \/><a href=\"https:\/\/maps.app.goo.gl\/rLFKaJhTUkjKGJTi8\">Google Maps<\/a><\/p><p><strong>Preis pro Person:<\/strong> Preis pro Person f\u00fcr einen halbt\u00e4gigen Segelboot-Ausflug: Kontaktieren Sie uns direkt per Telefon oder E-Mail, um den besten Preis und die Verf\u00fcgbarkeit zu erhalten.<\/p><p><strong>Inbegriffen:<\/strong> Inbegriffen im halbt\u00e4gigen Segelboot-Ausflug sind ein spezieller Aperitif an Bord, die F\u00fchrung durch einen erfahrenen Skipper, Badestopps im kristallklaren Wasser, Ausr\u00fcstung zum freien Schnorcheln, Versicherung und Treibstoff inklusive.<\/p><p><strong>Abfahrt und R\u00fcckkehr:<\/strong><\/p><ul><li>Vormittagstour: 09:00 \u2013 13:00 Uhr<\/li><li>Nachmittagstour: 13:30 \u2013 17:30 Uhr<\/li><\/ul><p><strong>Dauer des Ausflugs:<\/strong> 4 Stunden \u201eDie Abfahrts- und R\u00fcckkehrzeiten k\u00f6nnen je nach Wetterbedingungen variieren\u201c.<\/p><p>Abfahrt vom Hafen von Alghero an Bord eines modernen Segelboots (Baujahr 2016) f\u00fcr einen halbt\u00e4gigen Ausflug zur Entdeckung der wundersch\u00f6nen Korallenk\u00fcste. W\u00e4hrend der Fahrt haben Sie die M\u00f6glichkeit, Delfinfamilien zu beobachten, die das kristallklare Wasser der K\u00fcste bev\u00f6lkern.<\/p><p>Der erste Stopp der Tour ist am Capo Galera, einer felsigen Klippe am s\u00fcdlichen Ende des Meeresschutzgebiets von Capo Caccia. Hier k\u00f6nnen Sie die atemberaubende Landschaft und die reiche Meeresfauna bewundern. Schnorchel-Liebhaber k\u00f6nnen in die Meeresb\u00f6den eintauchen und mit Masken und Schnorcheln die lokale Meereswelt erkunden.<\/p><p>Anschlie\u00dfend f\u00e4hrt das Boot weiter nach Punta Negra, vorbei am historischen Lazzaretto-Turm, und legt in einer exklusiven Bucht an, die sich perfekt f\u00fcr ein erfrischendes Bad eignet. Sie k\u00f6nnen zu einem kleinen versteckten Strand schwimmen, der nur wenigen Gl\u00fccklichen bekannt ist.<\/p><p>Vor der R\u00fcckkehr zum Hafen von Alghero erwartet Sie ein entspannender Aperitif an Bord, um den Ausflug mit einem Moment des Vergn\u00fcgens und der Entspannung auf See abzuschlie\u00dfen.<\/p><p>Dieser halbt\u00e4gige Ausflug ist die perfekte Gelegenheit, die Natursch\u00e4tze der K\u00fcste von Alghero zu erkunden, ein einzigartiges Erlebnis zu erleben und die Sch\u00f6nheit des Meeres in v\u00f6lliger Ruhe zu genie\u00dfen.<\/p>\t\t\t\t\t\t\t\t<\/div>\n\t\t\t\t<div class=\"elementor-element elementor-element-aeac1c1 elementor-widget-divider--view-line elementor-widget elementor-widget-divider\" data-id=\"aeac1c1\" data-element_type=\"widget\" data-e-type=\"widget\" data-widget_type=\"divider.default\">\n\t\t\t\t\t\t\t<div class=\"elementor-divider\">\n\t\t\t<span class=\"elementor-divider-separator\">\n\t\t\t\t\t\t<\/span>\n\t\t<\/div>\n\t\t\t\t\t\t<\/div>\n\t\t\t\t<div class=\"elementor-element elementor-element-dc7e1b9 elementor-widget elementor-widget-text-editor\" data-id=\"dc7e1b9\" data-element_type=\"widget\" data-e-type=\"widget\" data-widget_type=\"text-editor.default\">\n\t\t\t\t\t\t\t\t\t<p><em>Aus Sicherheitsgr\u00fcnden beh\u00e4lt sich der Skipper das Recht vor, das Programm des Segelboot-Ausflugs je nach Wetterbedingungen zu \u00e4ndern. Die Sicherheit der Teilnehmer hat f\u00fcr uns Priorit\u00e4t, und die Routen k\u00f6nnen angepasst werden, um ein sicheres und angenehmes Erlebnis zu gew\u00e4hrleisten.<\/em><\/p>\t\t\t\t\t\t\t\t<\/div>\n\t\t\t\t<\/div>\n\t\t\t\t\t<\/div>\n\t\t\t\t<\/div>\n\t\t<div class=\"elementor-element elementor-element-9d78e5d e-flex e-con-boxed e-con e-parent\" data-id=\"9d78e5d\" data-element_type=\"container\" data-e-type=\"container\" data-settings=\"{&quot;background_background&quot;:&quot;classic&quot;}\">\n\t\t\t\t\t<div class=\"e-con-inner\">\n\t\t<div class=\"elementor-element elementor-element-15f41a4 e-con-full e-flex e-con e-child\" data-id=\"15f41a4\" data-element_type=\"container\" data-e-type=\"container\">\n\t\t\t\t<div class=\"elementor-element elementor-element-6ffe6dc elementor-widget elementor-widget-text-editor\" data-id=\"6ffe6dc\" data-element_type=\"widget\" data-e-type=\"widget\" data-widget_type=\"text-editor.default\">\n\t\t\t\t\t\t\t\t\t<p><span style=\"text-decoration: underline;\"><strong>N\u00fctzliche Tipps<\/strong><\/span><\/p><p><em><strong>Sommer:<\/strong><\/em><\/p><ul><li>Badeanzug und Handtuch<\/li><li>Sonnenschutzmittel mit hohem Schutzfaktor<\/li><li>Sonnenbrille und Hut zum Schutz vor der Sonne<\/li><li>Wasserdichte Kamera oder Smartphone, um die Panoramen festzuhalten<\/li><li>Masken und Schnorchel sind an Bord vorhanden, aber wenn Sie m\u00f6chten, k\u00f6nnen Sie Ihre pers\u00f6nliche Schnorchelausr\u00fcstung mitbringen<\/li><li>Leichte Jacke oder Sweatshirt f\u00fcr die Meeresbrise<\/li><li>Bringen Sie alle Medikamente mit, die Sie w\u00e4hrend des Ausflugs ben\u00f6tigen k\u00f6nnten, wie z. B. Medikamente gegen Seekrankheit oder Allergien. Informieren Sie den Skipper bei besonderen Bed\u00fcrfnissen.<\/li><\/ul>\t\t\t\t\t\t\t\t<\/div>\n\t\t\t\t<\/div>\n\t\t<div class=\"elementor-element elementor-element-8c7d13e e-con-full e-flex e-con e-child\" data-id=\"8c7d13e\" data-element_type=\"container\" data-e-type=\"container\">\n\t\t\t\t<div class=\"elementor-element elementor-element-9f8592f elementor-widget elementor-widget-text-editor\" data-id=\"9f8592f\" data-element_type=\"widget\" data-e-type=\"widget\" data-widget_type=\"text-editor.default\">\n\t\t\t\t\t\t\t\t\t<p>\u00a0<\/p><p><em><strong>Winter oder Zwischensaison:<\/strong><\/em><\/p><ul><li>Wasserdichte Windjacke und Schichtkleidung f\u00fcr Wind und wechselnde Temperaturen<\/li><li>Hut und leichte Handschuhe zum Schutz vor der K\u00e4lte<\/li><li>Schuhe mit rutschfester Sohle f\u00fcr die Sicherheit an Bord<\/li><li>Sonnenbrille (die Sonne auf See ist auch im Winter stark)<\/li><\/ul>\t\t\t\t\t\t\t\t<\/div>\n\t\t\t\t<\/div>\n\t\t\t\t\t<\/div>\n\t\t\t\t<\/div>\n\t\t\t\t<\/div>\n\t\t","protected":false},"excerpt":{"rendered":"<p>Ihre Tour entlang der K\u00fcste der Bucht von AlgheroHALBT\u00c4GIGER SEGELT\u00d6RN Abfahrtsort: Abfahrt vom Yachthafen von Alghero, Visconti-Kai Steg Nr. 5, beim Consorzio del Porto di Alghero. Der Einstiegspunkt ist vom historischen Zentrum aus leicht zu Fu\u00df erreichbar, Parkpl\u00e4tze sind in der N\u00e4he vorhanden. Google Maps Preis pro Person: Preis pro Person f\u00fcr einen halbt\u00e4gigen Segelboot-Ausflug: [&hellip;]<\/p>\n","protected":false},"author":2,"featured_media":0,"parent":0,"menu_order":0,"comment_status":"closed","ping_status":"closed","template":"elementor_header_footer","meta":{"footnotes":""},"class_list":["post-2342","page","type-page","status-publish","hentry"],"_links":{"self":[{"href":"https:\/\/www.cruisesail.it\/de\/wp-json\/wp\/v2\/pages\/2342","targetHints":{"allow":["GET"]}}],"collection":[{"href":"https:\/\/www.cruisesail.it\/de\/wp-json\/wp\/v2\/pages"}],"about":[{"href":"https:\/\/www.cruisesail.it\/de\/wp-json\/wp\/v2\/types\/page"}],"author":[{"embeddable":true,"href":"https:\/\/www.cruisesail.it\/de\/wp-json\/wp\/v2\/users\/2"}],"replies":[{"embeddable":true,"href":"https:\/\/www.cruisesail.it\/de\/wp-json\/wp\/v2\/comments?post=2342"}],"version-history":[{"count":10,"href":"https:\/\/www.cruisesail.it\/de\/wp-json\/wp\/v2\/pages\/2342\/revisions"}],"predecessor-version":[{"id":3750,"href":"https:\/\/www.cruisesail.it\/de\/wp-json\/wp\/v2\/pages\/2342\/revisions\/3750"}],"wp:attachment":[{"href":"https:\/\/www.cruisesail.it\/de\/wp-json\/wp\/v2\/media?parent=2342"}],"curies":[{"name":"wp","href":"https:\/\/api.w.org\/{rel}","templated":true}]}}