{"id":2340,"date":"2022-02-22T18:56:36","date_gmt":"2022-02-22T17:56:36","guid":{"rendered":"https:\/\/www.cruisesail.it\/escursione-giornaliera-in-barca-a-vela\/"},"modified":"2025-03-07T18:50:52","modified_gmt":"2025-03-07T17:50:52","slug":"tagesausflug-mit-segelboot-in-alghero","status":"publish","type":"page","link":"https:\/\/www.cruisesail.it\/de\/tagesausflug-mit-segelboot-in-alghero\/","title":{"rendered":"Tagesausflug mit Segelboot in Alghero"},"content":{"rendered":"\t\t<div data-elementor-type=\"wp-page\" data-elementor-id=\"2340\" class=\"elementor elementor-2340 elementor-1580\" data-elementor-post-type=\"page\">\n\t\t\t\t<div class=\"elementor-element elementor-element-2c3dfeb3 e-flex e-con-boxed e-con e-parent\" data-id=\"2c3dfeb3\" data-element_type=\"container\" data-e-type=\"container\" data-settings=\"{&quot;background_background&quot;:&quot;classic&quot;}\">\n\t\t\t\t\t<div class=\"e-con-inner\">\n\t\t<div class=\"elementor-element elementor-element-0c7a7cb e-con-full e-flex e-con e-child\" data-id=\"0c7a7cb\" data-element_type=\"container\" data-e-type=\"container\">\n\t\t\t\t<div class=\"elementor-element elementor-element-53a13fd elementor-widget elementor-widget-gallery\" data-id=\"53a13fd\" data-element_type=\"widget\" data-e-type=\"widget\" data-settings=\"{&quot;gallery_layout&quot;:&quot;masonry&quot;,&quot;columns&quot;:2,&quot;lazyload&quot;:&quot;yes&quot;,&quot;columns_tablet&quot;:2,&quot;columns_mobile&quot;:1,&quot;gap&quot;:{&quot;unit&quot;:&quot;px&quot;,&quot;size&quot;:10,&quot;sizes&quot;:[]},&quot;gap_tablet&quot;:{&quot;unit&quot;:&quot;px&quot;,&quot;size&quot;:10,&quot;sizes&quot;:[]},&quot;gap_mobile&quot;:{&quot;unit&quot;:&quot;px&quot;,&quot;size&quot;:10,&quot;sizes&quot;:[]},&quot;link_to&quot;:&quot;file&quot;,&quot;overlay_background&quot;:&quot;yes&quot;,&quot;content_hover_animation&quot;:&quot;fade-in&quot;}\" data-widget_type=\"gallery.default\">\n\t\t\t\t\t\t\t<div class=\"elementor-gallery__container\">\n\t\t\t\t\t\t\t<a class=\"e-gallery-item elementor-gallery-item elementor-animated-content\" href=\"https:\/\/www.cruisesail.it\/wp-content\/uploads\/2025\/02\/giornata-intera-1.jpg\" data-elementor-open-lightbox=\"yes\" data-elementor-lightbox-slideshow=\"53a13fd\" data-elementor-lightbox-title=\"giornata-intera-1\" data-e-action-hash=\"#elementor-action%3Aaction%3Dlightbox%26settings%3DeyJpZCI6Mjg1OCwidXJsIjoiaHR0cHM6XC9cL3d3dy5jcnVpc2VzYWlsLml0XC93cC1jb250ZW50XC91cGxvYWRzXC8yMDI1XC8wMlwvZ2lvcm5hdGEtaW50ZXJhLTEuanBnIiwic2xpZGVzaG93IjoiNTNhMTNmZCJ9\">\n\t\t\t\t\t<div class=\"e-gallery-image elementor-gallery-item__image\" data-thumbnail=\"https:\/\/www.cruisesail.it\/wp-content\/uploads\/2025\/02\/giornata-intera-1.jpg\" data-width=\"800\" data-height=\"600\" aria-label=\"\" role=\"img\" ><\/div>\n\t\t\t\t\t\t\t\t\t\t\t<div class=\"elementor-gallery-item__overlay\"><\/div>\n\t\t\t\t\t\t\t\t\t\t\t\t\t\t<\/a>\n\t\t\t\t\t\t\t<a class=\"e-gallery-item elementor-gallery-item elementor-animated-content\" href=\"https:\/\/www.cruisesail.it\/wp-content\/uploads\/2025\/02\/giornata-intera-2.jpg\" data-elementor-open-lightbox=\"yes\" data-elementor-lightbox-slideshow=\"53a13fd\" data-elementor-lightbox-title=\"giornata-intera-2\" data-e-action-hash=\"#elementor-action%3Aaction%3Dlightbox%26settings%3DeyJpZCI6Mjg2MSwidXJsIjoiaHR0cHM6XC9cL3d3dy5jcnVpc2VzYWlsLml0XC93cC1jb250ZW50XC91cGxvYWRzXC8yMDI1XC8wMlwvZ2lvcm5hdGEtaW50ZXJhLTIuanBnIiwic2xpZGVzaG93IjoiNTNhMTNmZCJ9\">\n\t\t\t\t\t<div class=\"e-gallery-image elementor-gallery-item__image\" data-thumbnail=\"https:\/\/www.cruisesail.it\/wp-content\/uploads\/2025\/02\/giornata-intera-2.jpg\" data-width=\"768\" data-height=\"1024\" aria-label=\"\" role=\"img\" ><\/div>\n\t\t\t\t\t\t\t\t\t\t\t<div class=\"elementor-gallery-item__overlay\"><\/div>\n\t\t\t\t\t\t\t\t\t\t\t\t\t\t<\/a>\n\t\t\t\t\t\t\t<a class=\"e-gallery-item elementor-gallery-item elementor-animated-content\" href=\"https:\/\/www.cruisesail.it\/wp-content\/uploads\/2025\/02\/giornata-intera-3.jpg\" data-elementor-open-lightbox=\"yes\" data-elementor-lightbox-slideshow=\"53a13fd\" data-elementor-lightbox-title=\"giornata-intera-3\" data-e-action-hash=\"#elementor-action%3Aaction%3Dlightbox%26settings%3DeyJpZCI6Mjg2NCwidXJsIjoiaHR0cHM6XC9cL3d3dy5jcnVpc2VzYWlsLml0XC93cC1jb250ZW50XC91cGxvYWRzXC8yMDI1XC8wMlwvZ2lvcm5hdGEtaW50ZXJhLTMuanBnIiwic2xpZGVzaG93IjoiNTNhMTNmZCJ9\">\n\t\t\t\t\t<div class=\"e-gallery-image elementor-gallery-item__image\" data-thumbnail=\"https:\/\/www.cruisesail.it\/wp-content\/uploads\/2025\/02\/giornata-intera-3.jpg\" data-width=\"768\" data-height=\"1024\" aria-label=\"\" role=\"img\" ><\/div>\n\t\t\t\t\t\t\t\t\t\t\t<div class=\"elementor-gallery-item__overlay\"><\/div>\n\t\t\t\t\t\t\t\t\t\t\t\t\t\t<\/a>\n\t\t\t\t\t\t\t<a class=\"e-gallery-item elementor-gallery-item elementor-animated-content\" href=\"https:\/\/www.cruisesail.it\/wp-content\/uploads\/2025\/02\/giornata-intera-4.jpg\" data-elementor-open-lightbox=\"yes\" data-elementor-lightbox-slideshow=\"53a13fd\" data-elementor-lightbox-title=\"giornata-intera-4\" data-e-action-hash=\"#elementor-action%3Aaction%3Dlightbox%26settings%3DeyJpZCI6Mjg2NywidXJsIjoiaHR0cHM6XC9cL3d3dy5jcnVpc2VzYWlsLml0XC93cC1jb250ZW50XC91cGxvYWRzXC8yMDI1XC8wMlwvZ2lvcm5hdGEtaW50ZXJhLTQuanBnIiwic2xpZGVzaG93IjoiNTNhMTNmZCJ9\">\n\t\t\t\t\t<div class=\"e-gallery-image elementor-gallery-item__image\" data-thumbnail=\"https:\/\/www.cruisesail.it\/wp-content\/uploads\/2025\/02\/giornata-intera-4.jpg\" data-width=\"800\" data-height=\"600\" aria-label=\"\" role=\"img\" ><\/div>\n\t\t\t\t\t\t\t\t\t\t\t<div class=\"elementor-gallery-item__overlay\"><\/div>\n\t\t\t\t\t\t\t\t\t\t\t\t\t\t<\/a>\n\t\t\t\t\t\t\t<a class=\"e-gallery-item elementor-gallery-item elementor-animated-content\" href=\"https:\/\/www.cruisesail.it\/wp-content\/uploads\/2025\/02\/giornata-intera-5.jpg\" data-elementor-open-lightbox=\"yes\" data-elementor-lightbox-slideshow=\"53a13fd\" data-elementor-lightbox-title=\"giornata-intera-5\" data-e-action-hash=\"#elementor-action%3Aaction%3Dlightbox%26settings%3DeyJpZCI6Mjg3MCwidXJsIjoiaHR0cHM6XC9cL3d3dy5jcnVpc2VzYWlsLml0XC93cC1jb250ZW50XC91cGxvYWRzXC8yMDI1XC8wMlwvZ2lvcm5hdGEtaW50ZXJhLTUuanBnIiwic2xpZGVzaG93IjoiNTNhMTNmZCJ9\">\n\t\t\t\t\t<div class=\"e-gallery-image elementor-gallery-item__image\" data-thumbnail=\"https:\/\/www.cruisesail.it\/wp-content\/uploads\/2025\/02\/giornata-intera-5.jpg\" data-width=\"800\" data-height=\"600\" aria-label=\"\" role=\"img\" ><\/div>\n\t\t\t\t\t\t\t\t\t\t\t<div class=\"elementor-gallery-item__overlay\"><\/div>\n\t\t\t\t\t\t\t\t\t\t\t\t\t\t<\/a>\n\t\t\t\t\t\t\t<a class=\"e-gallery-item elementor-gallery-item elementor-animated-content\" href=\"https:\/\/www.cruisesail.it\/wp-content\/uploads\/2023\/02\/P_20170818_130553-scaled.jpg\" data-elementor-open-lightbox=\"yes\" data-elementor-lightbox-slideshow=\"53a13fd\" data-elementor-lightbox-title=\"P_20170818_130553\" data-e-action-hash=\"#elementor-action%3Aaction%3Dlightbox%26settings%3DeyJpZCI6MTkzOSwidXJsIjoiaHR0cHM6XC9cL3d3dy5jcnVpc2VzYWlsLml0XC93cC1jb250ZW50XC91cGxvYWRzXC8yMDIzXC8wMlwvUF8yMDE3MDgxOF8xMzA1NTMtc2NhbGVkLmpwZyIsInNsaWRlc2hvdyI6IjUzYTEzZmQifQ%3D%3D\">\n\t\t\t\t\t<div class=\"e-gallery-image elementor-gallery-item__image\" data-thumbnail=\"https:\/\/www.cruisesail.it\/wp-content\/uploads\/2023\/02\/P_20170818_130553-1024x1024.jpg\" data-width=\"800\" data-height=\"800\" aria-label=\"\" role=\"img\" ><\/div>\n\t\t\t\t\t\t\t\t\t\t\t<div class=\"elementor-gallery-item__overlay\"><\/div>\n\t\t\t\t\t\t\t\t\t\t\t\t\t\t<\/a>\n\t\t\t\t\t<\/div>\n\t\t\t\t\t<\/div>\n\t\t\t\t<\/div>\n\t\t<div class=\"elementor-element elementor-element-ba114a3 e-con-full e-flex e-con e-child\" data-id=\"ba114a3\" data-element_type=\"container\" data-e-type=\"container\">\n\t\t\t\t<div class=\"elementor-element elementor-element-64560c1 elementor-widget elementor-widget-text-editor\" data-id=\"64560c1\" data-element_type=\"widget\" data-e-type=\"widget\" data-widget_type=\"text-editor.default\">\n\t\t\t\t\t\t\t\t\tEntdecken Sie die wahre Sch\u00f6nheit der Korallenk\u00fcste und ihre Wunder \t\t\t\t\t\t\t\t<\/div>\n\t\t\t\t<div class=\"elementor-element elementor-element-48e9c25 elementor-widget elementor-widget-text-editor\" data-id=\"48e9c25\" data-element_type=\"widget\" data-e-type=\"widget\" data-widget_type=\"text-editor.default\">\n\t\t\t\t\t\t\t\t\tGANZT\u00c4GIGER SEGELT\u00d6RN \t\t\t\t\t\t\t\t<\/div>\n\t\t\t\t<div class=\"elementor-element elementor-element-b31b4fb elementor-widget elementor-widget-spacer\" data-id=\"b31b4fb\" data-element_type=\"widget\" data-e-type=\"widget\" data-widget_type=\"spacer.default\">\n\t\t\t\t\t\t\t<div class=\"elementor-spacer\">\n\t\t\t<div class=\"elementor-spacer-inner\"><\/div>\n\t\t<\/div>\n\t\t\t\t\t\t<\/div>\n\t\t\t\t<div class=\"elementor-element elementor-element-2fe0496f elementor-widget elementor-widget-text-editor\" data-id=\"2fe0496f\" data-element_type=\"widget\" data-e-type=\"widget\" data-widget_type=\"text-editor.default\">\n\t\t\t\t\t\t\t\t\t<p><strong>Abfahrtsort:<\/strong> Abfahrt vom Yachthafen von Alghero, Visconti-Kai Steg Nr. 5, beim Consorzio del Porto di Alghero. Der Einstiegspunkt ist vom historischen Zentrum aus leicht zu Fu\u00df erreichbar, Parkpl\u00e4tze sind in der N\u00e4he vorhanden. <br \/><a href=\"https:\/\/maps.app.goo.gl\/rLFKaJhTUkjKGJTi8\">Google Maps<\/a><\/p><p><strong>Preis pro Person:<\/strong> Entdecken Sie die Preisdetails und buchen Sie Ihre Tour direkt auf unserer Buchungsseite. Die Preise variieren je nach Saison (Nebensaison, Zwischensaison, Hauptsaison) und Verf\u00fcgbarkeit.<\/p><p><strong>Inbegriffen:<\/strong> Segelboot-Ausflug in Alghero mit erfahrenem Skipper, Mittagessen an Bord mit typischen Produkten, spezieller Aperitif des Bootes, Badestopps, Ausr\u00fcstung zum freien Schnorcheln, Versicherung und Treibstoff inklusive.<\/p><p><strong>Geplante Abfahrt:<\/strong> 10:00 Uhr \u201cCheck-in 15 Minuten vor dem Boarding\u201d<\/p><p><strong>Geplante R\u00fcckkehr:<\/strong> 17:30 Uhr<\/p><p><strong>Dauer des Ausflugs:<\/strong> 7 Stunden und 30 Minuten \u201eDie Abfahrts- und R\u00fcckkehrzeiten k\u00f6nnen je nach Wetterbedingungen variieren\u201c.<\/p><p>Entdecken Sie die wundersch\u00f6ne K\u00fcste von Alghero mit einer ganzt\u00e4gigen Segelboot-Tour. Segeln Sie an Bord eines modernen Segelboots, um die Bucht von Alghero zu erkunden und die verstecktesten und bezauberndsten Buchten zu besuchen. Je nach Wetterbedingungen segeln wir zum Meeresschutzgebiet von Capo Caccia, zur Insel Piana in der wundersch\u00f6nen Bucht von Porto Conte oder direkt nach Cala Burantino und Torre Poglina.<\/p><p>W\u00e4hrend der Tour haben Sie die M\u00f6glichkeit, im kristallklaren Wasser Sardiniens zu schwimmen oder zu schnorcheln und die reiche Unterwasserwelt der Gegend zu erkunden. Sie k\u00f6nnen an den Segelman\u00f6vern teilnehmen oder sich einfach auf den Sonnenliegen entspannen und die atemberaubende Landschaft genie\u00dfen. Wir machen Halt an ruhigen Orten abseits der Touristenmassen, wo Sie schwimmen, von den K\u00fcsten oder vom Boot selbst springen k\u00f6nnen.<\/p><p>Wenn Sie den Meeresboden erkunden m\u00f6chten, bringen Sie Ihre eigene Ausr\u00fcstung mit, aber wenn nicht, finden Sie an Bord alles Notwendige, Masken, Flossen und Schnorchel zu Ihrer Verf\u00fcgung. Im Laufe des Tages bereiten wir f\u00fcr Sie ein Mittagessen mit typischen Produkten der Region zu, das an einem wind- und wellengesch\u00fctzten Ort serviert wird.<\/p><p>Begleiten Sie uns zu einem einzigartigen Erlebnis aus Segeln, Entspannung und Entdeckung in einer der sch\u00f6nsten Ecken Sardiniens!<\/p>\t\t\t\t\t\t\t\t<\/div>\n\t\t\t\t<div class=\"elementor-element elementor-element-03a760e elementor-widget-divider--view-line elementor-widget elementor-widget-divider\" data-id=\"03a760e\" data-element_type=\"widget\" data-e-type=\"widget\" data-widget_type=\"divider.default\">\n\t\t\t\t\t\t\t<div class=\"elementor-divider\">\n\t\t\t<span class=\"elementor-divider-separator\">\n\t\t\t\t\t\t<\/span>\n\t\t<\/div>\n\t\t\t\t\t\t<\/div>\n\t\t\t\t<div class=\"elementor-element elementor-element-28178ae elementor-widget elementor-widget-text-editor\" data-id=\"28178ae\" data-element_type=\"widget\" data-e-type=\"widget\" data-widget_type=\"text-editor.default\">\n\t\t\t\t\t\t\t\t\t<p><em>Aus Sicherheitsgr\u00fcnden beh\u00e4lt sich der Skipper das Recht vor, das Programm des Segelboot-Ausflugs je nach Wetterbedingungen zu \u00e4ndern. Die Sicherheit der Teilnehmer hat f\u00fcr uns Priorit\u00e4t, und die Routen k\u00f6nnen angepasst werden, um ein sicheres und angenehmes Erlebnis zu gew\u00e4hrleisten.<\/em><\/p>\t\t\t\t\t\t\t\t<\/div>\n\t\t\t\t<\/div>\n\t\t\t\t\t<\/div>\n\t\t\t\t<\/div>\n\t\t<div class=\"elementor-element elementor-element-1da5671 e-flex e-con-boxed e-con e-parent\" data-id=\"1da5671\" data-element_type=\"container\" data-e-type=\"container\" data-settings=\"{&quot;background_background&quot;:&quot;classic&quot;}\">\n\t\t\t\t\t<div class=\"e-con-inner\">\n\t\t<div class=\"elementor-element elementor-element-53ab2ac e-con-full e-flex e-con e-child\" data-id=\"53ab2ac\" data-element_type=\"container\" data-e-type=\"container\">\n\t\t\t\t<div class=\"elementor-element elementor-element-eab6c14 elementor-widget elementor-widget-text-editor\" data-id=\"eab6c14\" data-element_type=\"widget\" data-e-type=\"widget\" data-widget_type=\"text-editor.default\">\n\t\t\t\t\t\t\t\t\t<p><span style=\"text-decoration: underline;\"><strong>N\u00fctzliche Tipps<\/strong><\/span><\/p><p><em><strong>Sommer:\u00a0<\/strong><\/em><\/p><ul><li>Badeanzug und Handtuch<\/li><li>Sonnenschutzmittel mit hohem Schutzfaktor<\/li><li>Sonnenbrille und Hut zum Schutz vor der Sonne<\/li><li>Wasserdichte Kamera oder Smartphone, um die Panoramen festzuhalten<\/li><li>Masken und Schnorchel sind an Bord vorhanden, aber wenn Sie m\u00f6chten, k\u00f6nnen Sie Ihre pers\u00f6nliche Schnorchelausr\u00fcstung mitbringen<\/li><li>Leichte Jacke oder Sweatshirt f\u00fcr die Meeresbrise<\/li><li>Bringen Sie alle Medikamente mit, die Sie w\u00e4hrend des Ausflugs ben\u00f6tigen k\u00f6nnten, wie z. B. Medikamente gegen Seekrankheit oder Allergien. Informieren Sie den Skipper bei besonderen Bed\u00fcrfnissen.<\/li><\/ul>\t\t\t\t\t\t\t\t<\/div>\n\t\t\t\t<\/div>\n\t\t<div class=\"elementor-element elementor-element-cdd8650 e-con-full e-flex e-con e-child\" data-id=\"cdd8650\" data-element_type=\"container\" data-e-type=\"container\">\n\t\t\t\t<div class=\"elementor-element elementor-element-6a994a1 elementor-widget elementor-widget-text-editor\" data-id=\"6a994a1\" data-element_type=\"widget\" data-e-type=\"widget\" data-widget_type=\"text-editor.default\">\n\t\t\t\t\t\t\t\t\t<p>\u00a0<\/p><p><em><strong>Winter oder Zwischensaison:<\/strong><\/em><\/p><ul><li>Wasserdichte Windjacke und Schichtkleidung f\u00fcr Wind und wechselnde Temperaturen<\/li><li>Hut und leichte Handschuhe zum Schutz vor der K\u00e4lte<\/li><li>Schuhe mit rutschfester Sohle f\u00fcr die Sicherheit an Bord<\/li><li>Sonnenbrille (die Sonne auf See ist auch im Winter stark)<\/li><\/ul>\t\t\t\t\t\t\t\t<\/div>\n\t\t\t\t<\/div>\n\t\t\t\t\t<\/div>\n\t\t\t\t<\/div>\n\t\t\t\t<\/div>\n\t\t","protected":false},"excerpt":{"rendered":"<p>Entdecken Sie die wahre Sch\u00f6nheit der Korallenk\u00fcste und ihre Wunder GANZT\u00c4GIGER SEGELT\u00d6RN Abfahrtsort: Abfahrt vom Yachthafen von Alghero, Visconti-Kai Steg Nr. 5, beim Consorzio del Porto di Alghero. Der Einstiegspunkt ist vom historischen Zentrum aus leicht zu Fu\u00df erreichbar, Parkpl\u00e4tze sind in der N\u00e4he vorhanden. Google Maps Preis pro Person: Entdecken Sie die Preisdetails und [&hellip;]<\/p>\n","protected":false},"author":2,"featured_media":0,"parent":0,"menu_order":0,"comment_status":"closed","ping_status":"closed","template":"elementor_header_footer","meta":{"footnotes":""},"class_list":["post-2340","page","type-page","status-publish","hentry"],"_links":{"self":[{"href":"https:\/\/www.cruisesail.it\/de\/wp-json\/wp\/v2\/pages\/2340","targetHints":{"allow":["GET"]}}],"collection":[{"href":"https:\/\/www.cruisesail.it\/de\/wp-json\/wp\/v2\/pages"}],"about":[{"href":"https:\/\/www.cruisesail.it\/de\/wp-json\/wp\/v2\/types\/page"}],"author":[{"embeddable":true,"href":"https:\/\/www.cruisesail.it\/de\/wp-json\/wp\/v2\/users\/2"}],"replies":[{"embeddable":true,"href":"https:\/\/www.cruisesail.it\/de\/wp-json\/wp\/v2\/comments?post=2340"}],"version-history":[{"count":10,"href":"https:\/\/www.cruisesail.it\/de\/wp-json\/wp\/v2\/pages\/2340\/revisions"}],"predecessor-version":[{"id":3745,"href":"https:\/\/www.cruisesail.it\/de\/wp-json\/wp\/v2\/pages\/2340\/revisions\/3745"}],"wp:attachment":[{"href":"https:\/\/www.cruisesail.it\/de\/wp-json\/wp\/v2\/media?parent=2340"}],"curies":[{"name":"wp","href":"https:\/\/api.w.org\/{rel}","templated":true}]}}