{"id":2335,"date":"2022-03-07T10:47:20","date_gmt":"2022-03-07T09:47:20","guid":{"rendered":"https:\/\/www.cruisesail.it\/calendario-disponibilita\/"},"modified":"2025-03-07T18:44:27","modified_gmt":"2025-03-07T17:44:27","slug":"verfuegbarkeit-ueberpruefen","status":"publish","type":"page","link":"https:\/\/www.cruisesail.it\/de\/verfuegbarkeit-ueberpruefen\/","title":{"rendered":"Verf\u00fcgbarkeit \u00fcberpr\u00fcfen"},"content":{"rendered":"\t\t<div data-elementor-type=\"wp-page\" data-elementor-id=\"2335\" class=\"elementor elementor-2335\" data-elementor-post-type=\"page\">\n\t\t\t\t<div class=\"elementor-element elementor-element-17e3ef32 e-flex e-con-boxed e-con e-parent\" data-id=\"17e3ef32\" data-element_type=\"container\" data-e-type=\"container\" data-settings=\"{&quot;background_background&quot;:&quot;classic&quot;}\">\n\t\t\t\t\t<div class=\"e-con-inner\">\n\t\t\t\t<div class=\"elementor-element elementor-element-3583fb1 elementor-widget elementor-widget-text-editor\" data-id=\"3583fb1\" data-element_type=\"widget\" data-e-type=\"widget\" data-widget_type=\"text-editor.default\">\n\t\t\t\t\t\t\t\t\t<p>Verf\u00fcgbarkeit \u00fcberpr\u00fcfen<\/p>\t\t\t\t\t\t\t\t<\/div>\n\t\t\t\t<div class=\"elementor-element elementor-element-0c82b3d elementor-widget elementor-widget-spacer\" data-id=\"0c82b3d\" data-element_type=\"widget\" data-e-type=\"widget\" data-widget_type=\"spacer.default\">\n\t\t\t\t\t\t\t<div class=\"elementor-spacer\">\n\t\t\t<div class=\"elementor-spacer-inner\"><\/div>\n\t\t<\/div>\n\t\t\t\t\t\t<\/div>\n\t\t\t\t<div class=\"elementor-element elementor-element-3693ddf0 elementor-widget elementor-widget-text-editor\" data-id=\"3693ddf0\" data-element_type=\"widget\" data-e-type=\"widget\" data-widget_type=\"text-editor.default\">\n\t\t\t\t\t\t\t\t\t[fareharbor shortname=&#8220;cruisesail&#8220; fallback=&#8220;simple&#8220; full_items=&#8220;yes&#8220; language=&#8220;de&#8220; type=&#8220;responsive&#8220;]\t\t\t\t\t\t\t\t<\/div>\n\t\t\t\t\t<\/div>\n\t\t\t\t<\/div>\n\t\t\t\t<\/div>\n\t\t","protected":false},"excerpt":{"rendered":"<p>Verf\u00fcgbarkeit \u00fcberpr\u00fcfen [fareharbor shortname=&#8220;cruisesail&#8220; fallback=&#8220;simple&#8220; full_items=&#8220;yes&#8220; language=&#8220;de&#8220; type=&#8220;responsive&#8220;]<\/p>\n","protected":false},"author":2,"featured_media":0,"parent":0,"menu_order":0,"comment_status":"closed","ping_status":"closed","template":"elementor_header_footer","meta":{"footnotes":""},"class_list":["post-2335","page","type-page","status-publish","hentry"],"_links":{"self":[{"href":"https:\/\/www.cruisesail.it\/de\/wp-json\/wp\/v2\/pages\/2335","targetHints":{"allow":["GET"]}}],"collection":[{"href":"https:\/\/www.cruisesail.it\/de\/wp-json\/wp\/v2\/pages"}],"about":[{"href":"https:\/\/www.cruisesail.it\/de\/wp-json\/wp\/v2\/types\/page"}],"author":[{"embeddable":true,"href":"https:\/\/www.cruisesail.it\/de\/wp-json\/wp\/v2\/users\/2"}],"replies":[{"embeddable":true,"href":"https:\/\/www.cruisesail.it\/de\/wp-json\/wp\/v2\/comments?post=2335"}],"version-history":[{"count":7,"href":"https:\/\/www.cruisesail.it\/de\/wp-json\/wp\/v2\/pages\/2335\/revisions"}],"predecessor-version":[{"id":3740,"href":"https:\/\/www.cruisesail.it\/de\/wp-json\/wp\/v2\/pages\/2335\/revisions\/3740"}],"wp:attachment":[{"href":"https:\/\/www.cruisesail.it\/de\/wp-json\/wp\/v2\/media?parent=2335"}],"curies":[{"name":"wp","href":"https:\/\/api.w.org\/{rel}","templated":true}]}}