{"id":2193,"date":"2017-04-27T18:18:18","date_gmt":"2017-04-27T16:18:18","guid":{"rendered":"https:\/\/www.cruisesail.it\/?page_id=2193"},"modified":"2025-03-07T18:38:45","modified_gmt":"2025-03-07T17:38:45","slug":"wer-wir-sind","status":"publish","type":"page","link":"https:\/\/www.cruisesail.it\/de\/wer-wir-sind\/","title":{"rendered":"Wer Wir Sind"},"content":{"rendered":"\t\t<div data-elementor-type=\"wp-page\" data-elementor-id=\"2193\" class=\"elementor elementor-2193 elementor-738\" data-elementor-post-type=\"page\">\n\t\t\t\t<div class=\"elementor-element elementor-element-1981d3eb e-flex e-con-boxed e-con e-parent\" data-id=\"1981d3eb\" data-element_type=\"container\" data-e-type=\"container\" data-settings=\"{&quot;background_background&quot;:&quot;classic&quot;}\">\n\t\t\t\t\t<div class=\"e-con-inner\">\n\t\t<div class=\"elementor-element elementor-element-8010de4 e-con-full e-flex e-con e-child\" data-id=\"8010de4\" data-element_type=\"container\" data-e-type=\"container\">\n\t\t\t\t<div class=\"elementor-element elementor-element-ebd64ea elementor-widget elementor-widget-image\" data-id=\"ebd64ea\" data-element_type=\"widget\" data-e-type=\"widget\" data-widget_type=\"image.default\">\n\t\t\t\t\t\t\t\t\t\t\t\t\t\t\t<img fetchpriority=\"high\" decoding=\"async\" width=\"759\" height=\"1024\" src=\"https:\/\/www.cruisesail.it\/wp-content\/uploads\/2025\/02\/chi-siamo-759x1024.jpg\" class=\"attachment-large size-large wp-image-2804\" alt=\"\" srcset=\"https:\/\/www.cruisesail.it\/wp-content\/uploads\/2025\/02\/chi-siamo-759x1024.jpg 759w, https:\/\/www.cruisesail.it\/wp-content\/uploads\/2025\/02\/chi-siamo-222x300.jpg 222w, https:\/\/www.cruisesail.it\/wp-content\/uploads\/2025\/02\/chi-siamo-768x1037.jpg 768w, https:\/\/www.cruisesail.it\/wp-content\/uploads\/2025\/02\/chi-siamo.jpg 800w\" sizes=\"(max-width: 759px) 100vw, 759px\" \/>\t\t\t\t\t\t\t\t\t\t\t\t\t\t\t<\/div>\n\t\t\t\t<\/div>\n\t\t<div class=\"elementor-element elementor-element-4ddd862 e-con-full e-flex e-con e-child\" data-id=\"4ddd862\" data-element_type=\"container\" data-e-type=\"container\">\n\t\t\t\t<div class=\"elementor-element elementor-element-310d1f3 elementor-widget elementor-widget-text-editor\" data-id=\"310d1f3\" data-element_type=\"widget\" data-e-type=\"widget\" data-widget_type=\"text-editor.default\">\n\t\t\t\t\t\t\t\t\t\u00dcBER UNS\t\t\t\t\t\t\t\t<\/div>\n\t\t\t\t<div class=\"elementor-element elementor-element-33bd6b9b elementor-widget elementor-widget-text-editor\" data-id=\"33bd6b9b\" data-element_type=\"widget\" data-e-type=\"widget\" data-widget_type=\"text-editor.default\">\n\t\t\t\t\t\t\t\t\t<p>Willkommen an Bord! Wir sind ein Team erfahrener Skipper in Alghero und bereit, Ihnen ein unvergessliches Erlebnis zwischen kristallklarem Meer, versteckten Buchten und authentischem Segeln zu bieten. Wir bieten einzigartige Ausfl\u00fcge, perfekt f\u00fcr diejenigen, die Entspannung, Abenteuer und das Vergn\u00fcgen des Segelns in der wundersch\u00f6nen Bucht von Alghero suchen.<\/p><p><em><strong>Unsere Geschichte<\/strong><\/em><\/p><p>Mein Name ist Andrea Pezzani und das Meer war schon immer ein Teil meines Lebens. Meine Leidenschaft f\u00fcr das Segeln wurde 1999 geboren, als ich zum ersten Mal an Bord eines Segelboots ging: Es war Liebe auf den ersten Blick. Ich erinnere mich noch an das Gef\u00fchl von Leichtigkeit und Freiheit, das ich empfand, so stark, dass es mich dazu brachte, mein Leben zu \u00e4ndern. Ich zog nach Alghero und verwandelte meine Liebe zum Meer in einen Beruf, um die Sch\u00f6nheit des Segelns, das nur vom Wind angetrieben wird, mit anderen zu teilen.<\/p><p><em><strong>Was wir anbieten<\/strong><\/em><\/p><ul><li>Segelboot-Ausfl\u00fcge in Alghero, zwischen versteckten Buchten und spektakul\u00e4ren Klippen<\/li><li>Stopps in den sch\u00f6nsten Buchten, wie Capo Galera, Punta Negra, Cala Dragunara und dem Lazzaretto-Turm<\/li><li>Aperitifs und Mittagessen an Bord mit typischen Produkten und einer exklusiven Atmosph\u00e4re<\/li><li>Nachhaltiges Segeln f\u00fcr ein authentisches Erlebnis inmitten der Natur.<\/li><\/ul><p><em><strong>Warum uns w\u00e4hlen?<\/strong><\/em><\/p><ul><li>Leidenschaft und Professionalit\u00e4t, um Ihnen das Beste des Meeres von Alghero zu bieten<\/li><li>Exklusive Routen abseits des Massentourismus, um versteckte Orte zu entdecken<\/li><li>Personalisierte Erlebnisse, perfekt f\u00fcr Paare, Familien und Gruppen von Freunden<\/li><\/ul><p>\u00a0<\/p><p><strong>Buchen Sie jetzt Ihren Segelboot-Ausflug und erleben Sie Alghero aus einer einzigartigen Perspektive!<\/strong><\/p>\t\t\t\t\t\t\t\t<\/div>\n\t\t\t\t<div class=\"elementor-element elementor-element-3c5197b elementor-widget elementor-widget-spacer\" data-id=\"3c5197b\" data-element_type=\"widget\" data-e-type=\"widget\" data-widget_type=\"spacer.default\">\n\t\t\t\t\t\t\t<div class=\"elementor-spacer\">\n\t\t\t<div class=\"elementor-spacer-inner\"><\/div>\n\t\t<\/div>\n\t\t\t\t\t\t<\/div>\n\t\t\t\t<div class=\"elementor-element elementor-element-8cb6947 elementor-invisible elementor-widget elementor-widget-image\" data-id=\"8cb6947\" data-element_type=\"widget\" data-e-type=\"widget\" data-settings=\"{&quot;_animation&quot;:&quot;bounceIn&quot;}\" data-widget_type=\"image.default\">\n\t\t\t\t\t\t\t\t\t\t\t\t\t\t\t<img decoding=\"async\" width=\"74\" height=\"108\" src=\"https:\/\/www.cruisesail.it\/wp-content\/uploads\/2025\/02\/ancora.png\" class=\"attachment-large size-large wp-image-2831\" alt=\"\" \/>\t\t\t\t\t\t\t\t\t\t\t\t\t\t\t<\/div>\n\t\t\t\t<\/div>\n\t\t\t\t\t<\/div>\n\t\t\t\t<\/div>\n\t\t\t\t<\/div>\n\t\t","protected":false},"excerpt":{"rendered":"<p>\u00dcBER UNS Willkommen an Bord! Wir sind ein Team erfahrener Skipper in Alghero und bereit, Ihnen ein unvergessliches Erlebnis zwischen kristallklarem Meer, versteckten Buchten und authentischem Segeln zu bieten. Wir bieten einzigartige Ausfl\u00fcge, perfekt f\u00fcr diejenigen, die Entspannung, Abenteuer und das Vergn\u00fcgen des Segelns in der wundersch\u00f6nen Bucht von Alghero suchen. Unsere Geschichte Mein Name [&hellip;]<\/p>\n","protected":false},"author":1,"featured_media":0,"parent":0,"menu_order":0,"comment_status":"closed","ping_status":"closed","template":"elementor_header_footer","meta":{"footnotes":""},"class_list":["post-2193","page","type-page","status-publish","hentry"],"_links":{"self":[{"href":"https:\/\/www.cruisesail.it\/de\/wp-json\/wp\/v2\/pages\/2193","targetHints":{"allow":["GET"]}}],"collection":[{"href":"https:\/\/www.cruisesail.it\/de\/wp-json\/wp\/v2\/pages"}],"about":[{"href":"https:\/\/www.cruisesail.it\/de\/wp-json\/wp\/v2\/types\/page"}],"author":[{"embeddable":true,"href":"https:\/\/www.cruisesail.it\/de\/wp-json\/wp\/v2\/users\/1"}],"replies":[{"embeddable":true,"href":"https:\/\/www.cruisesail.it\/de\/wp-json\/wp\/v2\/comments?post=2193"}],"version-history":[{"count":12,"href":"https:\/\/www.cruisesail.it\/de\/wp-json\/wp\/v2\/pages\/2193\/revisions"}],"predecessor-version":[{"id":3735,"href":"https:\/\/www.cruisesail.it\/de\/wp-json\/wp\/v2\/pages\/2193\/revisions\/3735"}],"wp:attachment":[{"href":"https:\/\/www.cruisesail.it\/de\/wp-json\/wp\/v2\/media?parent=2193"}],"curies":[{"name":"wp","href":"https:\/\/api.w.org\/{rel}","templated":true}]}}